{"id":343,"date":"2020-03-17T08:29:51","date_gmt":"2020-03-17T08:29:51","guid":{"rendered":"https:\/\/tsf-duelmen.de\/?page_id=343"},"modified":"2026-03-06T08:58:47","modified_gmt":"2026-03-06T08:58:47","slug":"beitragsordnung","status":"publish","type":"page","link":"https:\/\/tsf-duelmen.de\/index.php\/beitragsordnung\/","title":{"rendered":"Beitragsordnung"},"content":{"rendered":"\t\t<div data-elementor-type=\"wp-page\" data-elementor-id=\"343\" class=\"elementor elementor-343\" data-elementor-post-type=\"page\">\n\t\t\t\t\t\t<section class=\"elementor-section elementor-top-section elementor-element elementor-element-2c356c9 elementor-section-boxed elementor-section-height-default elementor-section-height-default\" data-id=\"2c356c9\" data-element_type=\"section\" data-e-type=\"section\">\n\t\t\t\t\t\t<div class=\"elementor-container elementor-column-gap-default\">\n\t\t\t\t\t<div class=\"elementor-column elementor-col-100 elementor-top-column elementor-element elementor-element-fee4376\" data-id=\"fee4376\" data-element_type=\"column\" data-e-type=\"column\">\n\t\t\t<div class=\"elementor-widget-wrap elementor-element-populated\">\n\t\t\t\t\t\t<div class=\"elementor-element elementor-element-a0eb0ae elementor-widget elementor-widget-heading\" data-id=\"a0eb0ae\" data-element_type=\"widget\" data-e-type=\"widget\" data-widget_type=\"heading.default\">\n\t\t\t\t<div class=\"elementor-widget-container\">\n\t\t\t\t\t<h2 class=\"elementor-heading-title elementor-size-default\">Beitragsordnung<\/h2>\t\t\t\t<\/div>\n\t\t\t\t<\/div>\n\t\t\t\t\t<\/div>\n\t\t<\/div>\n\t\t\t\t\t<\/div>\n\t\t<\/section>\n\t\t\t\t<section class=\"elementor-section elementor-top-section elementor-element elementor-element-bcb8d1c elementor-section-boxed elementor-section-height-default elementor-section-height-default\" data-id=\"bcb8d1c\" data-element_type=\"section\" data-e-type=\"section\">\n\t\t\t\t\t\t<div class=\"elementor-container elementor-column-gap-default\">\n\t\t\t\t\t<div class=\"elementor-column elementor-col-100 elementor-top-column elementor-element elementor-element-f8617dc\" data-id=\"f8617dc\" data-element_type=\"column\" data-e-type=\"column\">\n\t\t\t<div class=\"elementor-widget-wrap elementor-element-populated\">\n\t\t\t\t\t\t<div class=\"elementor-element elementor-element-8e0c5d9 elementor-widget elementor-widget-text-editor\" data-id=\"8e0c5d9\" data-element_type=\"widget\" data-e-type=\"widget\" data-widget_type=\"text-editor.default\">\n\t\t\t\t<div class=\"elementor-widget-container\">\n\t\t\t\t\t\t\t\t\t<p><strong>Beitragsordnung der TanzSportfreundeD\u00fclmen e.V.<\/strong><\/p>\n<p><strong>inkl. Anlage I: Mitgliederbeitr\u00e4ge<\/strong><\/p>\n<ul>\n<li><strong>1 Mitgliedsbeitr\u00e4ge und Geb\u00fchren<\/strong><br>(1) Vereinsmitglieder mit Ausnahme von Ehrenmitgliedern zahlen f\u00fcr jeden Kalendermonat, in dem ihre Mitgliedschaft besteht, einen Mitgliedsbeitrag.<br>(2) Der monatliche Mitgliedsbeitrag setzt sich aus einem Grundbeitrag zusam-men.<br>(3) Aus verschiedenen in dieser Beitragsordnung benannten Anl\u00e4ssen werden zudem Geb\u00fchren erhoben. Hier gilt die jeweils aktuelle Geb\u00fchrenordnung.<br>(4) Die H\u00f6he der Beitr\u00e4ge ergibt sich aus der Anlage zu dieser Beitragsord-nung.<br>(5) Zu dem Mitgliedsbeitrag wird noch eine Umlage f\u00fcr das ehrenamtliche En-gagement erhoben. Diese Umlage ergibt sich aus der Satzung und der Anla-ge I zu dieser Beitragsordnung.<\/li>\n<li><strong>2 Beginn der Mitgliedschaft<\/strong><br>(1) Interessierte Personen, die eine Mitgliedschaft bei den TanzSportFreunden D\u00fclmen e.V. ernsthaft erw\u00e4gen, k\u00f6nnen bis zu 3 Mal kostenlos an geleite-ten \u00dcbungseinheiten teilnehmen (Probetraining). Bei dem Besuch verschiedener Gruppen z\u00e4hlt die Summe der teilgenommenen geleiteten \u00dcbungseinheiten.<br>(2) Die Aufnahme als Vereinsmitglied muss in Schriftform beantragt werden. Minderj\u00e4hrige k\u00f6nnen die Mitgliedschaft nur erwerben, wenn ein Erziehungsberechtigter den Aufnahmeantrag unterzeichnet. Die Mitgliedschaft beginnt zum beantragten Termin, falls der Vorstand den Aufnahmeantrag annimmt.<br>(3) Der Vorstand legt durch ein Antragsformular fest, welche pers\u00f6nlichen An-gaben gemacht werden m\u00fcssen.<br>(4) Zusammen mit dem Aufnahmeantrag muss eine SEPA-Lastschrifterm\u00e4chtigung erteilt werden, die den Verein im Falle der Auf-nahmen als Mitglied zum Einzug aller Mitgliedsbeitr\u00e4ge und eventueller Geb\u00fchren (Aufnahmegeb\u00fchr, verauslagte Geb\u00fchren f\u00fcr Lizenzen, Start-marken u.\u00e4.) erm\u00e4chtigt.<br>(5) F\u00fcr die Neuaufnahme eines Vereinsmitglieds wird eine einmalige Aufnahmegeb\u00fchr erhoben.<br>(6) Wenn der Vorstand dem Aufnahmeantrag zustimmt, werden die Mitgliedsbeitr\u00e4ge jeweils halbj\u00e4hrlich im Voraus nebst Aufnahmegeb\u00fchr eingezogen. Die Mitgliedschaft wird best\u00e4tigt, wenn die Lastschrift erfolgreich ein-gel\u00f6st werden konnte. Andernfalls erh\u00e4lt der Antragsteller eine Nachricht, dass der Aufnahmeantrag abgelehnt wurde.<br>(7) In der Zeit bis zur Best\u00e4tigung bzw. Ablehnung eines eingereichten Aufnahmeantrags darf der Antragsteller die Trainingsangebote der TanzSport-Freunde D\u00fclmen e.V. bereits in vollem Umfang nutzen, wie es der beantragten Mitgliedschaft entspricht.<br>(8) Es gelten des Weiteren die Bestimmungen der Satzung.<\/li>\n<\/ul>\n<ul>\n<li><strong>3 Ende der Mitgliedschaft<\/strong><br>Es gelten die Bestimmungen der jeweils g\u00fcltigen Satzung der TanzSportFreunde D\u00fclmen e.V.<\/li>\n<li><strong>4 Beitr\u00e4ge<\/strong><br>(1) F\u00fcr die Festsetzung des Beitrages wird unterschieden zwischen passiven Mitgliedern, die den Tanzsport in den R\u00e4umlichkeiten der TanzSport-Freunde D\u00fclmen e.V. nicht selbst aus\u00fcben, und aktiven Mitglieder, die die R\u00e4umlichkeiten der TanzSportFreunde D\u00fclmen e.V. f\u00fcr ihr freies Training und\/oder an geleiteten \u00dcbungseinheiten teilnehmen, sowie Betreuern.<br>(2) Jedes Vereinsmitglied kann die Art der Mitgliedschaft im Sinne des vorstehenden Absatzes 1 gem. der in der g\u00fcltigen Satzung festgelegten Weise \u00e4ndern. Die \u00c4nderung muss in Schriftform erfolgen.<\/li>\n<li><strong>5 Mitgliedschaft als Betreuer<\/strong><br>(1) Die Aufnahme als Betreuer muss in <a href=\"https:\/\/tsf-duelmen.de\/wp-content\/uploads\/2020\/03\/aufnahmeantrag_betreuer.pdf\">Schriftform beantragt<\/a> werden. Minderj\u00e4hrige sind von dieser T\u00e4tigkeit ausgenommen. Die Mitgliedschaft beginnt zum beantragten Termin, falls der Vorstand den Aufnahmeantrag annimmt.<br>(2) Betreuer k\u00f6nnen Eltern werden, die sich um Kinder- und\/oder Jugendgruppen bei den TanzSportFreunden D\u00fclmen e.V. k\u00fcmmern.<br>(3) Der Vorstand legt durch ein Antragsformular fest, welche pers\u00f6nlichen An-gaben gemacht werden m\u00fcssen.<br>(4) Der Vorstand entscheidet \u00fcber die Ernennung als Betreuer. Eine Abberufung kann jederzeit ohne Angabe von Gr\u00fcnden erfolgen.<br>(5) Der Vorstand legt die Anzahl der Betreuer f\u00fcr die jeweilige Gruppe fest.<br>(6) F\u00fcr das j\u00fcngste Kind eines Betreuers wird ein reduzierter Beitrag gew\u00e4hrt (Betreuerrabatt). Die H\u00f6he dieses Beitrages ergibt sich aus der jeweils g\u00fcl-tigen Beitragsordnung. F\u00fcr Erwachsene entf\u00e4llt der Rabatt.<br>(7) Die Kombination von dem Familienrabatt und dem Betreuerrabatt ist aus-geschlossen.<\/li>\n<li><strong>6&nbsp; Familienrabatt<\/strong><br>(1) Die TanzSportFreunde D\u00fclmen e.V. gew\u00e4hren allen Familien eine Beitragsreduzierung. Voraussetzung ist die aktive Vereinsmitgliedschaft von drei Personen in der betreffenden Familie. Die Beitragsreduzierung erfolgt auf besonderen Antrag.<br>(2) Dem jeweils j\u00fcngsten Familienmitglied wird ein reduzierter Beitrag gew\u00e4hrt. Dieser Beitrag berechnet sich auf der Grundlage von 50 vom Hundert des Monatsbeitrages in der entsprechenden Altersgruppe, die zum Zeit-punkt der Beantragung festgelegt ist.<br>(3) Der rabattierte Beitrag erh\u00f6ht sich mit Erreichen einer h\u00f6heren Altersgruppe und entf\u00e4llt mit Vollendung des 18. Lebensjahres.<br>(4) Die Beitragsreduzierung wird gew\u00e4hrt bei:<br>(a) Einem Erziehungsberechtigtem und zwei Kindern,<br>(b) Zwei Erziehungsberechtigten und einem Kind,<br>(c) Drei Kindern einer Familie.<br>(5) Der Rabatt wird auf schriftlichen Antrag gew\u00e4hrt.<br>(6) Sch\u00fcler und Studenten bis zur Vollendung des 25. Lebensjahres zahlen monatlich einen reduzierten Beitrag und sind vom Familienrabatt ausgeschlossen.<br>(7) Der Familienrabatt ist nicht mit dem Betreuerrabatt (\u00a76) kombinierbar.<\/li>\n<li><strong>7 Betreuerrabatt<\/strong><br>(1) Bei Vereinsmitgliedern, die als Betreuer f\u00fcr die TanzSportFreunde D\u00fclmen e.V. t\u00e4tig sind, wird dem j\u00fcngsten Familienmitglied ein reduzierter Beitrag gew\u00e4hrt.<br>(2) Dieser Beitrag berechnet sich auf der Grundlage von 50 vom Hundert des Monatsbeitrages in der entsprechenden Altersgruppe, die zum Zeitpunkt der Beantragung festgelegt ist.<br>(3) Der rabattierte Beitrag erh\u00f6ht sich mit Erreichen einer h\u00f6heren Altersgruppe und entf\u00e4llt mit Vollendung des 18. Lebensjahres<br>(4) Die Beitragsreduzierung wird gew\u00e4hrt bei einem Erziehungsberechtigtem und einem Kind.<br>(5) Sofern bereits ein Familienrabatt gew\u00e4hrt wurde, entf\u00e4llt die Beitragsreduzierung aufgrund der T\u00e4tigkeit als Betreuer.<br>(6) Sch\u00fcler und Studenten bis zur Vollendung des 25. Lebensjahres zahlen monatlich einen reduzierten Beitrag und sind vom Familienrabatt ausgeschlossen.<br>(7) Der Betreuerrabatt ist nicht mit dem Familienrabatt (\u00a76) kombinierbar.<\/li>\n<li><strong>8 Mitgliedschaft in anderen Tanzsportvereinen<\/strong><br>Mitgliedschaften in anderen Tanzsportvereinen bleiben ohne Einfluss auf den Mitgliedsbeitrag<\/li>\n<li><strong>9 Bezahlung von Mitgliedsbeitr\u00e4gen<\/strong><br>(1) Mitgliedsbeitr\u00e4ge werden durch Lastschrift eingezogen.<br>(2) Der Lastschrifteinzug erfolgt f\u00fcr regelm\u00e4\u00dfige Beitragsleistungen einmal im Kalenderhalbjahr.<br>(3) Die Vereinsmitglieder sind verpflichtet, \u00c4nderungen der Kontoverbindung, insbesondere die in 2014 eingef\u00fchrte BIC und IBAN, unaufgefordert und unverz\u00fcglich dem Verein mitzuteilen.<br>(4) Wird eine Lastschrift von der bezogenen Bank nicht eingel\u00f6st oder vom Kontoinhaber widerrufen, so wird eine einmalige Geb\u00fchr erhoben. Der Verein wird sodann das Mitglied \u2013 soweit m\u00f6glich \u2013 per eMail und Briefpost \u00fcber den R\u00fcckstand in Kenntnis setzen. Das Mitglied muss dann innerhalb von 30 Tagen den R\u00fcckstand einschlie\u00dflich der R\u00fcckl\u00e4ufergeb\u00fchr per \u00dcberweisung auf das Vereinskonto ausgleichen. Wird die Zahlung weiter-hin nicht geleistet, gilt die Ausschlussregelung der jeweils g\u00fcltigen Satzung.<\/li>\n<\/ul>\n<ul>\n<li><strong>10 Schlussbestimmungen<\/strong><br>(1) Alle Erkl\u00e4rungen im Zusammenhang mit der Mitgliedschaft, die ein Mitglied gegen\u00fcber dem Verein abgibt, bed\u00fcrfen der Schriftform.<br>(2) Erkl\u00e4rungen des Vereins in Zusammenhang mit der Mitgliedschaft erfolgen in Schriftform. Die \u00dcbermittlung erfolgt im Regelfall per eMail.<br>(3) F\u00fcr \u00c4nderungen dieser Beitragsordnung gilt die Regelung in der jeweils g\u00fcltigen Satzung.<\/li>\n<\/ul>\n<p><u><strong>Mitgliedsbeitr\u00e4ge ab 01.03.2026<\/strong><\/u><\/p>\n<p><strong>Beitr\u00e4ge (in Euro) pro Monat und Person<\/strong><\/p>\n<table>\n<tbody>\n<tr>\n<td width=\"195\">\n<p><strong>Art der<\/strong><\/p>\n<p><strong>Mitgliedschaft<\/strong><\/p>\n<\/td>\n<td width=\"142\">\n<p><strong>Bis 14 Jahre<\/strong><\/p>\n<\/td>\n<td width=\"142\">\n<p><strong>Bis 18 Jahre<\/strong><\/p>\n<\/td>\n<td width=\"119\">\n<p><strong>Ab 19 Jahre<\/strong><\/p>\n<\/td>\n<td width=\"119\">\n<p><strong>Umlage<br>ehrenamtl. Engagement*<br>(i.d.R. 4 Stun-den\/Kalenderjahr)<\/strong><\/p>\n<\/td>\n<\/tr>\n<tr>\n<td width=\"195\">\n<p><strong>&nbsp;<\/strong><\/p>\n<p><strong>aktiv<\/strong><\/p>\n<p><strong>&nbsp;<\/strong><\/p>\n<\/td>\n<td width=\"142\">\n<p>19,50<\/p>\n<\/td>\n<td width=\"142\">\n<p>24,00<\/p>\n<\/td>\n<td width=\"119\">\n<p>28,50<\/p>\n<\/td>\n<td width=\"119\">\n<p>40,00<\/p>\n<\/td>\n<\/tr>\n<tr>\n<td width=\"195\">\n<p><strong>&nbsp;<\/strong><\/p>\n<p><strong>passiv<\/strong><\/p>\n<p><strong>&nbsp;<\/strong><\/p>\n<\/td>\n<td width=\"142\">\n<p>6,00<\/p>\n<\/td>\n<td width=\"142\">\n<p>6,00<\/p>\n<\/td>\n<td width=\"119\">\n<p>6,00<\/p>\n<\/td>\n<td width=\"119\">\n<p>&#8212;<\/p>\n<\/td>\n<\/tr>\n<tr>\n<td width=\"195\">\n<p><strong>&nbsp;<\/strong><\/p>\n<p><strong>Eltern als Betreuer von Kinder-\/ Jugendgruppen,<\/strong><\/p>\n<p><strong>wenn im Verein aktiv<\/strong><\/p>\n<p><strong>&nbsp;<\/strong><\/p>\n<\/td>\n<td width=\"142\">\n<p>Nicht m\u00f6glich<\/p>\n<\/td>\n<td width=\"142\">\n<p>Nicht m\u00f6glich<\/p>\n<\/td>\n<td width=\"119\">\n<p>6,00<\/p>\n<\/td>\n<td width=\"119\">\n<p>40,00<\/p>\n<\/td>\n<\/tr>\n<tr>\n<td width=\"195\">\n<p><strong>&nbsp;<\/strong><\/p>\n<p><strong>Familienrabatt<\/strong><\/p>\n<p>(nicht mit Betreuerrabatt kombinierbar)<\/p>\n<\/td>\n<td width=\"142\">\n<p>\u00bd Beitrag f\u00fcr 1 Kind (j\u00fcngstes Kind)<\/p>\n<\/td>\n<td width=\"142\">\n<p>\u00bd Beitrag f\u00fcr 1 Kind (j\u00fcngstes Kind)<\/p>\n<\/td>\n<td width=\"119\">\n<p>nicht m\u00f6glich<\/p>\n<\/td>\n<td width=\"119\">\n<p>&#8212;-<\/p>\n<\/td>\n<\/tr>\n<tr>\n<td width=\"195\">\n<p><strong>&nbsp;<\/strong><\/p>\n<p><strong>Betreuerrabatt<\/strong><\/p>\n<p>(nicht mit Familienrabatt kombinierbar)<\/p>\n<\/td>\n<td width=\"142\">\n<p>\u00bd Beitrag f\u00fcr 1 Kind<\/p>\n<p>(j\u00fcngstes Kind)<\/p>\n<\/td>\n<td width=\"142\">\n<p>\u00bd Beitrag f\u00fcr 1 Kind<\/p>\n<p>(j\u00fcngstes Kind)<\/p>\n<\/td>\n<td width=\"119\">\n<p>nicht m\u00f6glich<\/p>\n<\/td>\n<td width=\"119\">\n<p>&#8212;-<\/p>\n<\/td>\n<\/tr>\n<tr>\n<td width=\"195\">\n<p><strong>&nbsp;<\/strong><\/p>\n<p><strong>Ehrenmitglied<\/strong><\/p>\n<p><strong>&nbsp;<\/strong><\/p>\n<\/td>\n<td width=\"142\">\n<p>&#8212;<\/p>\n<\/td>\n<td width=\"142\">\n<p>&#8212;<\/p>\n<\/td>\n<td width=\"119\">\n<p>&#8212;<\/p>\n<\/td>\n<td width=\"119\">\n<p>&#8212;-<\/p>\n<\/td>\n<\/tr>\n<tr>\n<td width=\"195\">\n<p><strong>&nbsp;<\/strong><\/p>\n<p><strong>Eltern als Betreuer von Kinder-\/ Jugendgruppen, die an keinen sportlichen\/t\u00e4nzerischen Angeboten teilnehmen<\/strong><\/p>\n<p><strong>&nbsp;<\/strong><\/p>\n<\/td>\n<td width=\"142\">\n<p>&nbsp;Nicht m\u00f6glich<\/p>\n<\/td>\n<td width=\"142\">\n<p>Nicht m\u00f6glich<\/p>\n<\/td>\n<td width=\"119\">\n<p>&#8212;<\/p>\n<\/td>\n<td width=\"119\">\n<p>&#8212;-<\/p>\n<\/td>\n<\/tr>\n<\/tbody>\n<\/table>\n<p>*Je geleisteter Stunde ehrenamtliches Engagement bei Vereinsveranstaltungen und\/oder Sachspende (Kuchen, Salat o.\u00e4.) kann die Umlage um bis zu 10,00 \u20ac reduziert werden. Sachspenden werden je Veranstaltung mit max. 1 Stunde angerechnet.<\/p>\t\t\t\t\t\t\t\t<\/div>\n\t\t\t\t<\/div>\n\t\t\t\t\t<\/div>\n\t\t<\/div>\n\t\t\t\t\t<\/div>\n\t\t<\/section>\n\t\t\t\t<\/div>\n\t\t","protected":false},"excerpt":{"rendered":"<p>Beitragsordnung Beitragsordnung der TanzSportfreundeD\u00fclmen e.V. inkl. Anlage I: Mitgliederbeitr\u00e4ge 1 Mitgliedsbeitr\u00e4ge und Geb\u00fchren(1) Vereinsmitglieder mit Ausnahme von Ehrenmitgliedern zahlen f\u00fcr jeden Kalendermonat, in dem ihre Mitgliedschaft besteht, einen Mitgliedsbeitrag.(2) Der monatliche Mitgliedsbeitrag setzt sich aus einem Grundbeitrag zusam-men.(3) Aus verschiedenen in dieser Beitragsordnung benannten Anl\u00e4ssen werden zudem Geb\u00fchren erhoben. Hier [&hellip;]<\/p>\n","protected":false},"author":1,"featured_media":0,"parent":0,"menu_order":4,"comment_status":"closed","ping_status":"closed","template":"page-templates\/template-pagebuilder-full-width.php","meta":{"footnotes":""},"class_list":["post-343","page","type-page","status-publish","hentry"],"yoast_head":"<!-- This site is optimized with the Yoast SEO plugin v27.5 - https:\/\/yoast.com\/product\/yoast-seo-wordpress\/ -->\n<title>Beitragsordnung - TSF D\u00fclmen<\/title>\n<meta name=\"robots\" content=\"index, follow, max-snippet:-1, max-image-preview:large, max-video-preview:-1\" \/>\n<link rel=\"canonical\" href=\"https:\/\/tsf-duelmen.de\/index.php\/beitragsordnung\/\" \/>\n<meta property=\"og:locale\" content=\"de_DE\" \/>\n<meta property=\"og:type\" content=\"article\" \/>\n<meta property=\"og:title\" content=\"Beitragsordnung - TSF D\u00fclmen\" \/>\n<meta property=\"og:description\" content=\"Beitragsordnung Beitragsordnung der TanzSportfreundeD\u00fclmen e.V. inkl. Anlage I: Mitgliederbeitr\u00e4ge 1 Mitgliedsbeitr\u00e4ge und Geb\u00fchren(1) Vereinsmitglieder mit Ausnahme von Ehrenmitgliedern zahlen f\u00fcr jeden Kalendermonat, in dem ihre Mitgliedschaft besteht, einen Mitgliedsbeitrag.(2) Der monatliche Mitgliedsbeitrag setzt sich aus einem Grundbeitrag zusam-men.(3) Aus verschiedenen in dieser Beitragsordnung benannten Anl\u00e4ssen werden zudem Geb\u00fchren erhoben. Hier [&hellip;]\" \/>\n<meta property=\"og:url\" content=\"https:\/\/tsf-duelmen.de\/index.php\/beitragsordnung\/\" \/>\n<meta property=\"og:site_name\" content=\"TSF D\u00fclmen\" \/>\n<meta property=\"article:modified_time\" content=\"2026-03-06T08:58:47+00:00\" \/>\n<meta name=\"twitter:card\" content=\"summary_large_image\" \/>\n<meta name=\"twitter:label1\" content=\"Gesch\u00e4tzte Lesezeit\" \/>\n\t<meta name=\"twitter:data1\" content=\"7\u00a0Minuten\" \/>\n<script type=\"application\/ld+json\" class=\"yoast-schema-graph\">{\"@context\":\"https:\\\/\\\/schema.org\",\"@graph\":[{\"@type\":\"WebPage\",\"@id\":\"https:\\\/\\\/tsf-duelmen.de\\\/index.php\\\/beitragsordnung\\\/\",\"url\":\"https:\\\/\\\/tsf-duelmen.de\\\/index.php\\\/beitragsordnung\\\/\",\"name\":\"Beitragsordnung - TSF D\u00fclmen\",\"isPartOf\":{\"@id\":\"https:\\\/\\\/tsf-duelmen.de\\\/#website\"},\"datePublished\":\"2020-03-17T08:29:51+00:00\",\"dateModified\":\"2026-03-06T08:58:47+00:00\",\"breadcrumb\":{\"@id\":\"https:\\\/\\\/tsf-duelmen.de\\\/index.php\\\/beitragsordnung\\\/#breadcrumb\"},\"inLanguage\":\"de\",\"potentialAction\":[{\"@type\":\"ReadAction\",\"target\":[\"https:\\\/\\\/tsf-duelmen.de\\\/index.php\\\/beitragsordnung\\\/\"]}]},{\"@type\":\"BreadcrumbList\",\"@id\":\"https:\\\/\\\/tsf-duelmen.de\\\/index.php\\\/beitragsordnung\\\/#breadcrumb\",\"itemListElement\":[{\"@type\":\"ListItem\",\"position\":1,\"name\":\"Home\",\"item\":\"https:\\\/\\\/tsf-duelmen.de\\\/\"},{\"@type\":\"ListItem\",\"position\":2,\"name\":\"Beitragsordnung\"}]},{\"@type\":\"WebSite\",\"@id\":\"https:\\\/\\\/tsf-duelmen.de\\\/#website\",\"url\":\"https:\\\/\\\/tsf-duelmen.de\\\/\",\"name\":\"TSF D\u00fclmen\",\"description\":\"Tanzen ist tr\u00e4umen mit de F\u00fcssen\",\"publisher\":{\"@id\":\"https:\\\/\\\/tsf-duelmen.de\\\/#organization\"},\"potentialAction\":[{\"@type\":\"SearchAction\",\"target\":{\"@type\":\"EntryPoint\",\"urlTemplate\":\"https:\\\/\\\/tsf-duelmen.de\\\/?s={search_term_string}\"},\"query-input\":{\"@type\":\"PropertyValueSpecification\",\"valueRequired\":true,\"valueName\":\"search_term_string\"}}],\"inLanguage\":\"de\"},{\"@type\":\"Organization\",\"@id\":\"https:\\\/\\\/tsf-duelmen.de\\\/#organization\",\"name\":\"TSF D\u00fclmen\",\"url\":\"https:\\\/\\\/tsf-duelmen.de\\\/\",\"logo\":{\"@type\":\"ImageObject\",\"inLanguage\":\"de\",\"@id\":\"https:\\\/\\\/tsf-duelmen.de\\\/#\\\/schema\\\/logo\\\/image\\\/\",\"url\":\"https:\\\/\\\/tsf-duelmen.de\\\/wp-content\\\/uploads\\\/2019\\\/12\\\/cropped-TSF_Logo_wH_RZ.png\",\"contentUrl\":\"https:\\\/\\\/tsf-duelmen.de\\\/wp-content\\\/uploads\\\/2019\\\/12\\\/cropped-TSF_Logo_wH_RZ.png\",\"width\":1387,\"height\":793,\"caption\":\"TSF D\u00fclmen\"},\"image\":{\"@id\":\"https:\\\/\\\/tsf-duelmen.de\\\/#\\\/schema\\\/logo\\\/image\\\/\"}}]}<\/script>\n<!-- \/ Yoast SEO plugin. -->","yoast_head_json":{"title":"Beitragsordnung - TSF D\u00fclmen","robots":{"index":"index","follow":"follow","max-snippet":"max-snippet:-1","max-image-preview":"max-image-preview:large","max-video-preview":"max-video-preview:-1"},"canonical":"https:\/\/tsf-duelmen.de\/index.php\/beitragsordnung\/","og_locale":"de_DE","og_type":"article","og_title":"Beitragsordnung - TSF D\u00fclmen","og_description":"Beitragsordnung Beitragsordnung der TanzSportfreundeD\u00fclmen e.V. inkl. Anlage I: Mitgliederbeitr\u00e4ge 1 Mitgliedsbeitr\u00e4ge und Geb\u00fchren(1) Vereinsmitglieder mit Ausnahme von Ehrenmitgliedern zahlen f\u00fcr jeden Kalendermonat, in dem ihre Mitgliedschaft besteht, einen Mitgliedsbeitrag.(2) Der monatliche Mitgliedsbeitrag setzt sich aus einem Grundbeitrag zusam-men.(3) Aus verschiedenen in dieser Beitragsordnung benannten Anl\u00e4ssen werden zudem Geb\u00fchren erhoben. Hier [&hellip;]","og_url":"https:\/\/tsf-duelmen.de\/index.php\/beitragsordnung\/","og_site_name":"TSF D\u00fclmen","article_modified_time":"2026-03-06T08:58:47+00:00","twitter_card":"summary_large_image","twitter_misc":{"Gesch\u00e4tzte Lesezeit":"7\u00a0Minuten"},"schema":{"@context":"https:\/\/schema.org","@graph":[{"@type":"WebPage","@id":"https:\/\/tsf-duelmen.de\/index.php\/beitragsordnung\/","url":"https:\/\/tsf-duelmen.de\/index.php\/beitragsordnung\/","name":"Beitragsordnung - TSF D\u00fclmen","isPartOf":{"@id":"https:\/\/tsf-duelmen.de\/#website"},"datePublished":"2020-03-17T08:29:51+00:00","dateModified":"2026-03-06T08:58:47+00:00","breadcrumb":{"@id":"https:\/\/tsf-duelmen.de\/index.php\/beitragsordnung\/#breadcrumb"},"inLanguage":"de","potentialAction":[{"@type":"ReadAction","target":["https:\/\/tsf-duelmen.de\/index.php\/beitragsordnung\/"]}]},{"@type":"BreadcrumbList","@id":"https:\/\/tsf-duelmen.de\/index.php\/beitragsordnung\/#breadcrumb","itemListElement":[{"@type":"ListItem","position":1,"name":"Home","item":"https:\/\/tsf-duelmen.de\/"},{"@type":"ListItem","position":2,"name":"Beitragsordnung"}]},{"@type":"WebSite","@id":"https:\/\/tsf-duelmen.de\/#website","url":"https:\/\/tsf-duelmen.de\/","name":"TSF D\u00fclmen","description":"Tanzen ist tr\u00e4umen mit de F\u00fcssen","publisher":{"@id":"https:\/\/tsf-duelmen.de\/#organization"},"potentialAction":[{"@type":"SearchAction","target":{"@type":"EntryPoint","urlTemplate":"https:\/\/tsf-duelmen.de\/?s={search_term_string}"},"query-input":{"@type":"PropertyValueSpecification","valueRequired":true,"valueName":"search_term_string"}}],"inLanguage":"de"},{"@type":"Organization","@id":"https:\/\/tsf-duelmen.de\/#organization","name":"TSF D\u00fclmen","url":"https:\/\/tsf-duelmen.de\/","logo":{"@type":"ImageObject","inLanguage":"de","@id":"https:\/\/tsf-duelmen.de\/#\/schema\/logo\/image\/","url":"https:\/\/tsf-duelmen.de\/wp-content\/uploads\/2019\/12\/cropped-TSF_Logo_wH_RZ.png","contentUrl":"https:\/\/tsf-duelmen.de\/wp-content\/uploads\/2019\/12\/cropped-TSF_Logo_wH_RZ.png","width":1387,"height":793,"caption":"TSF D\u00fclmen"},"image":{"@id":"https:\/\/tsf-duelmen.de\/#\/schema\/logo\/image\/"}}]}},"_links":{"self":[{"href":"https:\/\/tsf-duelmen.de\/index.php\/wp-json\/wp\/v2\/pages\/343","targetHints":{"allow":["GET"]}}],"collection":[{"href":"https:\/\/tsf-duelmen.de\/index.php\/wp-json\/wp\/v2\/pages"}],"about":[{"href":"https:\/\/tsf-duelmen.de\/index.php\/wp-json\/wp\/v2\/types\/page"}],"author":[{"embeddable":true,"href":"https:\/\/tsf-duelmen.de\/index.php\/wp-json\/wp\/v2\/users\/1"}],"replies":[{"embeddable":true,"href":"https:\/\/tsf-duelmen.de\/index.php\/wp-json\/wp\/v2\/comments?post=343"}],"version-history":[{"count":9,"href":"https:\/\/tsf-duelmen.de\/index.php\/wp-json\/wp\/v2\/pages\/343\/revisions"}],"predecessor-version":[{"id":1525,"href":"https:\/\/tsf-duelmen.de\/index.php\/wp-json\/wp\/v2\/pages\/343\/revisions\/1525"}],"wp:attachment":[{"href":"https:\/\/tsf-duelmen.de\/index.php\/wp-json\/wp\/v2\/media?parent=343"}],"curies":[{"name":"wp","href":"https:\/\/api.w.org\/{rel}","templated":true}]}}