{"id":335,"date":"2020-03-16T08:40:33","date_gmt":"2020-03-16T08:40:33","guid":{"rendered":"https:\/\/tsf-duelmen.de\/?page_id=335"},"modified":"2025-02-06T10:56:00","modified_gmt":"2025-02-06T10:56:00","slug":"covid-19-info","status":"publish","type":"page","link":"https:\/\/tsf-duelmen.de\/index.php\/covid-19-info\/","title":{"rendered":"COVID-19 Info"},"content":{"rendered":"\t\t<div data-elementor-type=\"wp-page\" data-elementor-id=\"335\" class=\"elementor elementor-335\" data-elementor-post-type=\"page\">\n\t\t\t\t\t\t<section class=\"elementor-section elementor-top-section elementor-element elementor-element-a94455f elementor-section-boxed elementor-section-height-default elementor-section-height-default\" data-id=\"a94455f\" data-element_type=\"section\" data-e-type=\"section\">\n\t\t\t\t\t\t<div class=\"elementor-container elementor-column-gap-default\">\n\t\t\t\t\t<div class=\"elementor-column elementor-col-100 elementor-top-column elementor-element elementor-element-3853bf7\" data-id=\"3853bf7\" data-element_type=\"column\" data-e-type=\"column\">\n\t\t\t<div class=\"elementor-widget-wrap elementor-element-populated\">\n\t\t\t\t\t\t<div class=\"elementor-element elementor-element-c65bb8a elementor-widget elementor-widget-heading\" data-id=\"c65bb8a\" data-element_type=\"widget\" data-e-type=\"widget\" data-widget_type=\"heading.default\">\n\t\t\t\t<div class=\"elementor-widget-container\">\n\t\t\t\t\t<h2 class=\"elementor-heading-title elementor-size-default\">COVID Info<\/h2>\t\t\t\t<\/div>\n\t\t\t\t<\/div>\n\t\t\t\t\t<\/div>\n\t\t<\/div>\n\t\t\t\t\t<\/div>\n\t\t<\/section>\n\t\t\t\t<section class=\"elementor-section elementor-top-section elementor-element elementor-element-37571d9 elementor-section-boxed elementor-section-height-default elementor-section-height-default\" data-id=\"37571d9\" data-element_type=\"section\" data-e-type=\"section\">\n\t\t\t\t\t\t<div class=\"elementor-container elementor-column-gap-default\">\n\t\t\t\t\t<div class=\"elementor-column elementor-col-100 elementor-top-column elementor-element elementor-element-eecbac3\" data-id=\"eecbac3\" data-element_type=\"column\" data-e-type=\"column\">\n\t\t\t<div class=\"elementor-widget-wrap elementor-element-populated\">\n\t\t\t\t\t\t<div class=\"elementor-element elementor-element-d24daa1 elementor-widget elementor-widget-text-editor\" data-id=\"d24daa1\" data-element_type=\"widget\" data-e-type=\"widget\" data-widget_type=\"text-editor.default\">\n\t\t\t\t<div class=\"elementor-widget-container\">\n\t\t\t\t\t\t\t\t\t<p><strong style=\"font-size: inherit; color: var( --e-global-color-text ); font-family: var( --e-global-typography-text-font-family ), Sans-serif;\">Unser Clubheim ist ge\u00f6ffnet &amp; bei normalem\u00a0<\/strong><b style=\"font-size: inherit; color: var( --e-global-color-text ); font-family: var( --e-global-typography-text-font-family ), Sans-serif;\">Trainingsbetrieb<\/b><strong style=\"font-size: inherit; color: var( --e-global-color-text ); font-family: var( --e-global-typography-text-font-family ), Sans-serif;\">.\u00a0<\/strong><strong style=\"font-size: inherit; color: var( --e-global-color-text ); font-family: var( --e-global-typography-text-font-family ), Sans-serif;\">Wir sind f\u00fcr euch da!<\/strong><\/p><p><span style=\"font-size: inherit; color: var( --e-global-color-text ); font-family: var( --e-global-typography-text-font-family ), Sans-serif; font-weight: var( --e-global-typography-text-font-weight );\">Bei Bedarf gelten jeweils die aktuellen Corona-Schutzverordnung des Landes NRW. (<\/span><a href=\"https:\/\/www.mags.nrw\/coronavirus\" style=\"font-size: inherit; font-family: var( --e-global-typography-text-font-family ), Sans-serif; font-weight: var( --e-global-typography-text-font-weight ); background-color: #ffffff;\">https:\/\/www.mags.nrw\/coronavirus<\/a><span style=\"font-size: inherit; color: var( --e-global-color-text ); font-family: var( --e-global-typography-text-font-family ), Sans-serif; font-weight: var( --e-global-typography-text-font-weight );\">)<\/span><\/p>\t\t\t\t\t\t\t\t<\/div>\n\t\t\t\t<\/div>\n\t\t\t\t<div class=\"elementor-element elementor-element-a029b87 elementor-widget elementor-widget-image\" data-id=\"a029b87\" data-element_type=\"widget\" data-e-type=\"widget\" data-widget_type=\"image.default\">\n\t\t\t\t<div class=\"elementor-widget-container\">\n\t\t\t\t\t\t\t\t\t\t\t\t\t\t\t<img fetchpriority=\"high\" decoding=\"async\" width=\"300\" height=\"191\" src=\"https:\/\/tsf-duelmen.de\/wp-content\/uploads\/2021\/06\/Stay-Safe-300x191.png\" class=\"attachment-medium size-medium wp-image-669\" alt=\"\" srcset=\"https:\/\/tsf-duelmen.de\/wp-content\/uploads\/2021\/06\/Stay-Safe-300x191.png 300w, https:\/\/tsf-duelmen.de\/wp-content\/uploads\/2021\/06\/Stay-Safe-768x489.png 768w, https:\/\/tsf-duelmen.de\/wp-content\/uploads\/2021\/06\/Stay-Safe.png 773w\" sizes=\"(max-width: 300px) 100vw, 300px\" \/>\t\t\t\t\t\t\t\t\t\t\t\t\t\t\t<\/div>\n\t\t\t\t<\/div>\n\t\t\t\t<div class=\"elementor-element elementor-element-b1e3bf1 elementor-widget elementor-widget-text-editor\" data-id=\"b1e3bf1\" data-element_type=\"widget\" data-e-type=\"widget\" data-widget_type=\"text-editor.default\">\n\t\t\t\t<div class=\"elementor-widget-container\">\n\t\t\t\t\t\t\t\t\t<p style=\"text-align: left;\"><em>Status 5. Februar 2025<\/em><\/p>\t\t\t\t\t\t\t\t<\/div>\n\t\t\t\t<\/div>\n\t\t\t\t\t<\/div>\n\t\t<\/div>\n\t\t\t\t\t<\/div>\n\t\t<\/section>\n\t\t\t\t<\/div>\n\t\t","protected":false},"excerpt":{"rendered":"<p>COVID Info Unser Clubheim ist ge\u00f6ffnet &amp; bei normalem\u00a0Trainingsbetrieb.\u00a0Wir sind f\u00fcr euch da! Bei Bedarf gelten jeweils die aktuellen Corona-Schutzverordnung des Landes NRW. (https:\/\/www.mags.nrw\/coronavirus) Status 5. Februar 2025<\/p>\n","protected":false},"author":1,"featured_media":147,"parent":0,"menu_order":0,"comment_status":"closed","ping_status":"closed","template":"page-templates\/template-pagebuilder-full-width.php","meta":{"footnotes":""},"class_list":["post-335","page","type-page","status-publish","has-post-thumbnail","hentry"],"yoast_head":"<!-- This site is optimized with the Yoast SEO plugin v27.5 - https:\/\/yoast.com\/product\/yoast-seo-wordpress\/ -->\n<title>COVID-19 Info - TSF D\u00fclmen<\/title>\n<meta name=\"robots\" content=\"index, follow, max-snippet:-1, max-image-preview:large, max-video-preview:-1\" \/>\n<link rel=\"canonical\" href=\"https:\/\/tsf-duelmen.de\/index.php\/covid-19-info\/\" \/>\n<meta property=\"og:locale\" content=\"de_DE\" \/>\n<meta property=\"og:type\" content=\"article\" \/>\n<meta property=\"og:title\" content=\"COVID-19 Info - TSF D\u00fclmen\" \/>\n<meta property=\"og:description\" content=\"COVID Info Unser Clubheim ist ge\u00f6ffnet &amp; bei normalem\u00a0Trainingsbetrieb.\u00a0Wir sind f\u00fcr euch da! Bei Bedarf gelten jeweils die aktuellen Corona-Schutzverordnung des Landes NRW. (https:\/\/www.mags.nrw\/coronavirus) Status 5. Februar 2025\" \/>\n<meta property=\"og:url\" content=\"https:\/\/tsf-duelmen.de\/index.php\/covid-19-info\/\" \/>\n<meta property=\"og:site_name\" content=\"TSF D\u00fclmen\" \/>\n<meta property=\"article:modified_time\" content=\"2025-02-06T10:56:00+00:00\" \/>\n<meta property=\"og:image\" content=\"https:\/\/tsf-duelmen.de\/wp-content\/uploads\/2019\/12\/Clubheim-1024x1024.png\" \/>\n\t<meta property=\"og:image:width\" content=\"1024\" \/>\n\t<meta property=\"og:image:height\" content=\"1024\" \/>\n\t<meta property=\"og:image:type\" content=\"image\/png\" \/>\n<meta name=\"twitter:card\" content=\"summary_large_image\" \/>\n<meta name=\"twitter:label1\" content=\"Gesch\u00e4tzte Lesezeit\" \/>\n\t<meta name=\"twitter:data1\" content=\"1\u00a0Minute\" \/>\n<script type=\"application\/ld+json\" class=\"yoast-schema-graph\">{\"@context\":\"https:\\\/\\\/schema.org\",\"@graph\":[{\"@type\":\"WebPage\",\"@id\":\"https:\\\/\\\/tsf-duelmen.de\\\/index.php\\\/covid-19-info\\\/\",\"url\":\"https:\\\/\\\/tsf-duelmen.de\\\/index.php\\\/covid-19-info\\\/\",\"name\":\"COVID-19 Info - TSF D\u00fclmen\",\"isPartOf\":{\"@id\":\"https:\\\/\\\/tsf-duelmen.de\\\/#website\"},\"primaryImageOfPage\":{\"@id\":\"https:\\\/\\\/tsf-duelmen.de\\\/index.php\\\/covid-19-info\\\/#primaryimage\"},\"image\":{\"@id\":\"https:\\\/\\\/tsf-duelmen.de\\\/index.php\\\/covid-19-info\\\/#primaryimage\"},\"thumbnailUrl\":\"https:\\\/\\\/tsf-duelmen.de\\\/wp-content\\\/uploads\\\/2019\\\/12\\\/Clubheim.png\",\"datePublished\":\"2020-03-16T08:40:33+00:00\",\"dateModified\":\"2025-02-06T10:56:00+00:00\",\"breadcrumb\":{\"@id\":\"https:\\\/\\\/tsf-duelmen.de\\\/index.php\\\/covid-19-info\\\/#breadcrumb\"},\"inLanguage\":\"de\",\"potentialAction\":[{\"@type\":\"ReadAction\",\"target\":[\"https:\\\/\\\/tsf-duelmen.de\\\/index.php\\\/covid-19-info\\\/\"]}]},{\"@type\":\"ImageObject\",\"inLanguage\":\"de\",\"@id\":\"https:\\\/\\\/tsf-duelmen.de\\\/index.php\\\/covid-19-info\\\/#primaryimage\",\"url\":\"https:\\\/\\\/tsf-duelmen.de\\\/wp-content\\\/uploads\\\/2019\\\/12\\\/Clubheim.png\",\"contentUrl\":\"https:\\\/\\\/tsf-duelmen.de\\\/wp-content\\\/uploads\\\/2019\\\/12\\\/Clubheim.png\",\"width\":2560,\"height\":2560},{\"@type\":\"BreadcrumbList\",\"@id\":\"https:\\\/\\\/tsf-duelmen.de\\\/index.php\\\/covid-19-info\\\/#breadcrumb\",\"itemListElement\":[{\"@type\":\"ListItem\",\"position\":1,\"name\":\"Home\",\"item\":\"https:\\\/\\\/tsf-duelmen.de\\\/\"},{\"@type\":\"ListItem\",\"position\":2,\"name\":\"COVID-19 Info\"}]},{\"@type\":\"WebSite\",\"@id\":\"https:\\\/\\\/tsf-duelmen.de\\\/#website\",\"url\":\"https:\\\/\\\/tsf-duelmen.de\\\/\",\"name\":\"TSF D\u00fclmen\",\"description\":\"Tanzen ist tr\u00e4umen mit de F\u00fcssen\",\"publisher\":{\"@id\":\"https:\\\/\\\/tsf-duelmen.de\\\/#organization\"},\"potentialAction\":[{\"@type\":\"SearchAction\",\"target\":{\"@type\":\"EntryPoint\",\"urlTemplate\":\"https:\\\/\\\/tsf-duelmen.de\\\/?s={search_term_string}\"},\"query-input\":{\"@type\":\"PropertyValueSpecification\",\"valueRequired\":true,\"valueName\":\"search_term_string\"}}],\"inLanguage\":\"de\"},{\"@type\":\"Organization\",\"@id\":\"https:\\\/\\\/tsf-duelmen.de\\\/#organization\",\"name\":\"TSF D\u00fclmen\",\"url\":\"https:\\\/\\\/tsf-duelmen.de\\\/\",\"logo\":{\"@type\":\"ImageObject\",\"inLanguage\":\"de\",\"@id\":\"https:\\\/\\\/tsf-duelmen.de\\\/#\\\/schema\\\/logo\\\/image\\\/\",\"url\":\"https:\\\/\\\/tsf-duelmen.de\\\/wp-content\\\/uploads\\\/2019\\\/12\\\/cropped-TSF_Logo_wH_RZ.png\",\"contentUrl\":\"https:\\\/\\\/tsf-duelmen.de\\\/wp-content\\\/uploads\\\/2019\\\/12\\\/cropped-TSF_Logo_wH_RZ.png\",\"width\":1387,\"height\":793,\"caption\":\"TSF D\u00fclmen\"},\"image\":{\"@id\":\"https:\\\/\\\/tsf-duelmen.de\\\/#\\\/schema\\\/logo\\\/image\\\/\"}}]}<\/script>\n<!-- \/ Yoast SEO plugin. -->","yoast_head_json":{"title":"COVID-19 Info - TSF D\u00fclmen","robots":{"index":"index","follow":"follow","max-snippet":"max-snippet:-1","max-image-preview":"max-image-preview:large","max-video-preview":"max-video-preview:-1"},"canonical":"https:\/\/tsf-duelmen.de\/index.php\/covid-19-info\/","og_locale":"de_DE","og_type":"article","og_title":"COVID-19 Info - TSF D\u00fclmen","og_description":"COVID Info Unser Clubheim ist ge\u00f6ffnet &amp; bei normalem\u00a0Trainingsbetrieb.\u00a0Wir sind f\u00fcr euch da! Bei Bedarf gelten jeweils die aktuellen Corona-Schutzverordnung des Landes NRW. (https:\/\/www.mags.nrw\/coronavirus) Status 5. Februar 2025","og_url":"https:\/\/tsf-duelmen.de\/index.php\/covid-19-info\/","og_site_name":"TSF D\u00fclmen","article_modified_time":"2025-02-06T10:56:00+00:00","og_image":[{"width":1024,"height":1024,"url":"https:\/\/tsf-duelmen.de\/wp-content\/uploads\/2019\/12\/Clubheim-1024x1024.png","type":"image\/png"}],"twitter_card":"summary_large_image","twitter_misc":{"Gesch\u00e4tzte Lesezeit":"1\u00a0Minute"},"schema":{"@context":"https:\/\/schema.org","@graph":[{"@type":"WebPage","@id":"https:\/\/tsf-duelmen.de\/index.php\/covid-19-info\/","url":"https:\/\/tsf-duelmen.de\/index.php\/covid-19-info\/","name":"COVID-19 Info - TSF D\u00fclmen","isPartOf":{"@id":"https:\/\/tsf-duelmen.de\/#website"},"primaryImageOfPage":{"@id":"https:\/\/tsf-duelmen.de\/index.php\/covid-19-info\/#primaryimage"},"image":{"@id":"https:\/\/tsf-duelmen.de\/index.php\/covid-19-info\/#primaryimage"},"thumbnailUrl":"https:\/\/tsf-duelmen.de\/wp-content\/uploads\/2019\/12\/Clubheim.png","datePublished":"2020-03-16T08:40:33+00:00","dateModified":"2025-02-06T10:56:00+00:00","breadcrumb":{"@id":"https:\/\/tsf-duelmen.de\/index.php\/covid-19-info\/#breadcrumb"},"inLanguage":"de","potentialAction":[{"@type":"ReadAction","target":["https:\/\/tsf-duelmen.de\/index.php\/covid-19-info\/"]}]},{"@type":"ImageObject","inLanguage":"de","@id":"https:\/\/tsf-duelmen.de\/index.php\/covid-19-info\/#primaryimage","url":"https:\/\/tsf-duelmen.de\/wp-content\/uploads\/2019\/12\/Clubheim.png","contentUrl":"https:\/\/tsf-duelmen.de\/wp-content\/uploads\/2019\/12\/Clubheim.png","width":2560,"height":2560},{"@type":"BreadcrumbList","@id":"https:\/\/tsf-duelmen.de\/index.php\/covid-19-info\/#breadcrumb","itemListElement":[{"@type":"ListItem","position":1,"name":"Home","item":"https:\/\/tsf-duelmen.de\/"},{"@type":"ListItem","position":2,"name":"COVID-19 Info"}]},{"@type":"WebSite","@id":"https:\/\/tsf-duelmen.de\/#website","url":"https:\/\/tsf-duelmen.de\/","name":"TSF D\u00fclmen","description":"Tanzen ist tr\u00e4umen mit de F\u00fcssen","publisher":{"@id":"https:\/\/tsf-duelmen.de\/#organization"},"potentialAction":[{"@type":"SearchAction","target":{"@type":"EntryPoint","urlTemplate":"https:\/\/tsf-duelmen.de\/?s={search_term_string}"},"query-input":{"@type":"PropertyValueSpecification","valueRequired":true,"valueName":"search_term_string"}}],"inLanguage":"de"},{"@type":"Organization","@id":"https:\/\/tsf-duelmen.de\/#organization","name":"TSF D\u00fclmen","url":"https:\/\/tsf-duelmen.de\/","logo":{"@type":"ImageObject","inLanguage":"de","@id":"https:\/\/tsf-duelmen.de\/#\/schema\/logo\/image\/","url":"https:\/\/tsf-duelmen.de\/wp-content\/uploads\/2019\/12\/cropped-TSF_Logo_wH_RZ.png","contentUrl":"https:\/\/tsf-duelmen.de\/wp-content\/uploads\/2019\/12\/cropped-TSF_Logo_wH_RZ.png","width":1387,"height":793,"caption":"TSF D\u00fclmen"},"image":{"@id":"https:\/\/tsf-duelmen.de\/#\/schema\/logo\/image\/"}}]}},"_links":{"self":[{"href":"https:\/\/tsf-duelmen.de\/index.php\/wp-json\/wp\/v2\/pages\/335","targetHints":{"allow":["GET"]}}],"collection":[{"href":"https:\/\/tsf-duelmen.de\/index.php\/wp-json\/wp\/v2\/pages"}],"about":[{"href":"https:\/\/tsf-duelmen.de\/index.php\/wp-json\/wp\/v2\/types\/page"}],"author":[{"embeddable":true,"href":"https:\/\/tsf-duelmen.de\/index.php\/wp-json\/wp\/v2\/users\/1"}],"replies":[{"embeddable":true,"href":"https:\/\/tsf-duelmen.de\/index.php\/wp-json\/wp\/v2\/comments?post=335"}],"version-history":[{"count":60,"href":"https:\/\/tsf-duelmen.de\/index.php\/wp-json\/wp\/v2\/pages\/335\/revisions"}],"predecessor-version":[{"id":1389,"href":"https:\/\/tsf-duelmen.de\/index.php\/wp-json\/wp\/v2\/pages\/335\/revisions\/1389"}],"wp:featuredmedia":[{"embeddable":true,"href":"https:\/\/tsf-duelmen.de\/index.php\/wp-json\/wp\/v2\/media\/147"}],"wp:attachment":[{"href":"https:\/\/tsf-duelmen.de\/index.php\/wp-json\/wp\/v2\/media?parent=335"}],"curies":[{"name":"wp","href":"https:\/\/api.w.org\/{rel}","templated":true}]}}