{"id":3,"date":"2019-12-10T10:23:02","date_gmt":"2019-12-10T10:23:02","guid":{"rendered":"https:\/\/tsf-duelmen.de\/?page_id=3"},"modified":"2024-02-17T18:13:37","modified_gmt":"2024-02-17T18:13:37","slug":"impressum","status":"publish","type":"page","link":"https:\/\/tsf-duelmen.de\/index.php\/impressum\/","title":{"rendered":"Impressum"},"content":{"rendered":"\t\t<div data-elementor-type=\"wp-page\" data-elementor-id=\"3\" class=\"elementor elementor-3\" data-elementor-post-type=\"page\">\n\t\t\t\t\t\t<section class=\"elementor-section elementor-top-section elementor-element elementor-element-3164b7e0 elementor-section-boxed elementor-section-height-default elementor-section-height-default\" data-id=\"3164b7e0\" data-element_type=\"section\" data-e-type=\"section\">\n\t\t\t\t\t\t<div class=\"elementor-container elementor-column-gap-default\">\n\t\t\t\t\t<div class=\"elementor-column elementor-col-100 elementor-top-column elementor-element elementor-element-79a0fc26\" data-id=\"79a0fc26\" data-element_type=\"column\" data-e-type=\"column\">\n\t\t\t<div class=\"elementor-widget-wrap elementor-element-populated\">\n\t\t\t\t\t\t<div class=\"elementor-element elementor-element-c6dda66 elementor-widget elementor-widget-heading\" data-id=\"c6dda66\" data-element_type=\"widget\" data-e-type=\"widget\" data-widget_type=\"heading.default\">\n\t\t\t\t<div class=\"elementor-widget-container\">\n\t\t\t\t\t<h2 class=\"elementor-heading-title elementor-size-default\">Impressum<\/h2>\t\t\t\t<\/div>\n\t\t\t\t<\/div>\n\t\t\t\t<div class=\"elementor-element elementor-element-dd9b3c6 elementor-widget elementor-widget-heading\" data-id=\"dd9b3c6\" data-element_type=\"widget\" data-e-type=\"widget\" data-widget_type=\"heading.default\">\n\t\t\t\t<div class=\"elementor-widget-container\">\n\t\t\t\t\t<h5 class=\"elementor-heading-title elementor-size-default\">TanzSportFreunde D\u00fclmen e.V.<\/h5>\t\t\t\t<\/div>\n\t\t\t\t<\/div>\n\t\t\t\t<div class=\"elementor-element elementor-element-627da3ba elementor-widget elementor-widget-text-editor\" data-id=\"627da3ba\" data-element_type=\"widget\" data-e-type=\"widget\" data-widget_type=\"text-editor.default\">\n\t\t\t\t<div class=\"elementor-widget-container\">\n\t\t\t\t\t\t\t\t\t<h2><\/h2>\n<div style=\"margin: 0px; padding: 0px; border: 0px; outline: 0px; vertical-align: baseline; background: transparent;\">\n<div style=\"margin: 0px 0px 10px; padding: 0px; border: 0px solid #cccccc; outline: 0px; vertical-align: baseline; background-image: initial; background-position: initial; background-size: initial; background-repeat: initial; background-attachment: initial; background-origin: initial; background-clip: initial;\">\n<div style=\"margin: 0px; padding: 0px; border: 0px; outline: 0px; vertical-align: baseline; background: transparent;\">\n<div about=\"\/page\/impressum\" typeof=\"foaf:Document\" style=\"margin: 0px; padding: 0px; border: 0px; outline: 0px; vertical-align: baseline; background: transparent;\">\n<div style=\"margin: 0px; padding: 0px; border: 0px; outline: 0px; vertical-align: baseline; background: transparent;\">\n<div style=\"margin: 0px; padding: 0px; border: 0px; outline: 0px; vertical-align: baseline; background: transparent;\">\n<div style=\"margin: 0px; padding: 0px; border: 0px; outline: 0px; vertical-align: baseline; background: transparent;\">\n<div property=\"content:encoded\" style=\"margin: 0px; padding: 0px; border: 0px; outline: 0px; vertical-align: baseline; background: transparent;\">\n<table style=\"color: #333333; font-family: 'Lucida Grande', Arial, Helvetica, sans-serif; font-size: 12px; margin: 0px; padding: 0px; border: 1px solid #cccccc; outline: 0px; vertical-align: baseline; background-image: initial; background-position: initial; background-size: initial; background-repeat: initial; background-attachment: initial; background-origin: initial; background-clip: initial; empty-cells: show;\">\n<tbody style=\"border: 0px; margin: 0px; padding: 0px; outline: 0px; vertical-align: baseline; background: transparent;\">\n<tr style=\"margin: 0px; padding: 0px; border: 0px; outline: 0px; vertical-align: baseline; background: transparent;\">\n<td style=\"margin: 0px; padding: 3px; border: 1px solid #cccccc; outline: 0px; vertical-align: baseline; background: #f0f0f0;\">\n<address style=\"margin: 0px; padding: 0px; border: 0px; outline: 0px; vertical-align: baseline; background: transparent;\">Adresse:<\/address>\n<\/td>\n<td style=\"margin: 0px; padding: 3px; border: 1px solid #cccccc; outline: 0px; vertical-align: baseline; background: #f0f0f0;\">\n<address style=\"margin: 0px; padding: 0px; border: 0px; outline: 0px; vertical-align: baseline; background: transparent;\">Dernekamp 36a<\/address>\n<address style=\"margin: 0px; padding: 0px; border: 0px; outline: 0px; vertical-align: baseline; background: transparent;\">48249 D\u00fclmen<\/address>\n<\/td>\n<\/tr>\n<tr style=\"margin: 0px; padding: 0px; border: 0px; outline: 0px; vertical-align: baseline; background: transparent;\">\n<td style=\"margin: 0px; padding: 3px; border: 1px solid #cccccc; outline: 0px; vertical-align: baseline; background: #f0f0f0;\">\n<address style=\"margin: 0px; padding: 0px; border: 0px; outline: 0px; vertical-align: baseline; background: transparent;\">Telefon:<\/address>\n<\/td>\n<td style=\"margin: 0px; padding: 3px; border: 1px solid #cccccc; outline: 0px; vertical-align: baseline; background: #f0f0f0;\">\n<address style=\"margin: 0px; padding: 0px; border: 0px; outline: 0px; vertical-align: baseline; background: transparent;\">+49 170 \/ 3024 694<br><address style=\"margin: 0px; padding: 0px; border: 0px; outline: 0px; vertical-align: baseline; background: transparent;\">Vereins-Handy&nbsp;<span style=\"background-color: transparent; font-weight: var( --e-global-typography-text-font-weight );\">(nur Dienstags und Donnerstags)<\/span><\/address><\/address>\n<\/td>\n<\/tr>\n<tr style=\"margin: 0px; padding: 0px; border: 0px; outline: 0px; vertical-align: baseline; background: transparent;\">\n<td style=\"margin: 0px; padding: 3px; border: 1px solid #cccccc; outline: 0px; vertical-align: baseline; background: #f0f0f0;\">\n<address style=\"margin: 0px; padding: 0px; border: 0px; outline: 0px; vertical-align: baseline; background: transparent;\">E-Mail:<\/address>\n<\/td>\n<td style=\"margin: 0px; padding: 3px; border: 1px solid #cccccc; outline: 0px; vertical-align: baseline; background: #f0f0f0;\"><a href=\"mailto:info@tsf-duelmen.de\" style=\"margin: 0px; padding: 0px; border: 0px; outline: 0px; vertical-align: baseline; background-image: initial; background-position: initial; background-size: initial; background-repeat: initial; background-attachment: initial; background-origin: initial; background-clip: initial; color: #8c1600;\">info@tsf-duelmen.de<\/a><\/td>\n<\/tr>\n<tr style=\"margin: 0px; padding: 0px; border: 0px; outline: 0px; vertical-align: baseline; background: transparent;\">\n<td style=\"margin: 0px; padding: 3px; border: 1px solid #cccccc; outline: 0px; vertical-align: baseline; background: #f0f0f0;\">\n<address style=\"margin: 0px; padding: 0px; border: 0px; outline: 0px; vertical-align: baseline; background: transparent;\">Homepage:<\/address>\n<\/td>\n<td style=\"margin: 0px; padding: 3px; border: 1px solid #cccccc; outline: 0px; vertical-align: baseline; background: #f0f0f0;\"><a href=\"http:\/\/www.tsf-duelmen.de\/\" style=\"margin: 0px; padding: 0px; border: 0px; outline: 0px; vertical-align: baseline; background-image: initial; background-position: initial; background-size: initial; background-repeat: initial; background-attachment: initial; background-origin: initial; background-clip: initial; color: #8c1600;\">www.tsf-duelmen.de<\/a><\/td>\n<\/tr>\n<tr style=\"margin: 0px; padding: 0px; border: 0px; outline: 0px; vertical-align: baseline; background: transparent;\">\n<td style=\"margin: 0px; padding: 3px; border: 1px solid #cccccc; outline: 0px; vertical-align: baseline; background: #f0f0f0;\">\n<address style=\"margin: 0px; padding: 0px; border: 0px; outline: 0px; vertical-align: baseline; background: transparent;\">Registergericht:<\/address>\n<\/td>\n<td style=\"margin: 0px; padding: 3px; border: 1px solid #cccccc; outline: 0px; vertical-align: baseline; background: #f0f0f0;\">Coesfeld<\/td>\n<\/tr>\n<tr style=\"margin: 0px; padding: 0px; border: 0px; outline: 0px; vertical-align: baseline; background: transparent;\">\n<td style=\"margin: 0px; padding: 3px; border: 1px solid #cccccc; outline: 0px; vertical-align: baseline; background: #f0f0f0;\">\n<address style=\"margin: 0px; padding: 0px; border: 0px; outline: 0px; vertical-align: baseline; background: transparent;\">Registernummer:<\/address>\n<\/td>\n<td style=\"margin: 0px; padding: 3px; border: 1px solid #cccccc; outline: 0px; vertical-align: baseline; background: #f0f0f0;\">4205<\/td>\n<\/tr>\n<tr style=\"margin: 0px; padding: 0px; border: 0px; outline: 0px; vertical-align: baseline; background: transparent;\">\n<td style=\"margin: 0px; padding: 3px; border: 1px solid #cccccc; outline: 0px; vertical-align: baseline; background: #f0f0f0;\">\n<address style=\"margin: 0px; padding: 0px; border: 0px; outline: 0px; vertical-align: baseline; background: transparent;\">Umsatzsteuer-ID:<\/address>\n<\/td>\n<td style=\"margin: 0px; padding: 3px; border: 1px solid #cccccc; outline: 0px; vertical-align: baseline; background: #f0f0f0;\">DE 123767404<\/td>\n<\/tr>\n<tr style=\"margin: 0px; padding: 0px; border: 0px; outline: 0px; vertical-align: baseline; background: transparent;\">\n<td style=\"margin: 0px; padding: 3px; border: 1px solid #cccccc; outline: 0px; vertical-align: baseline; background: #f0f0f0;\">\n<address style=\"margin: 0px; padding: 0px; border: 0px; outline: 0px; vertical-align: baseline; background: transparent;\">Vorstand:<\/address>\n<\/td>\n<td style=\"margin: 0px; padding: 3px; border: 1px solid #cccccc; outline: 0px; vertical-align: baseline; background: #f0f0f0;\">\n<address style=\"margin: 0px; padding: 0px; border: 0px; outline: 0px; vertical-align: baseline; background: transparent;\">Mark Leweling, 1.Vorsitzender<\/address>\n<\/td>\n<\/tr>\n<tr style=\"margin: 0px; padding: 0px; border-top: 0px; border-right: 0px; border-left: 0px; border-image: initial; outline: 0px; vertical-align: baseline; background: transparent;\">\n<td style=\"margin: 0px; padding: 3px; border: 1px solid #cccccc; outline: 0px; vertical-align: baseline; background: #f0f0f0;\">\n<address style=\"margin: 0px; padding: 0px; border: 0px; outline: 0px; vertical-align: baseline; background: transparent;\">Verantwortlicher im Sinne des RStV<\/address>\n<address style=\"margin: 0px; padding: 0px; border: 0px; outline: 0px; vertical-align: baseline; background: transparent;\">(Rundfunkstaatsvertrag) f\u00fcr die journalistischen Inhalte:<\/address>\n<\/td>\n<td style=\"margin: 0px; padding: 3px; border: 1px solid #cccccc; outline: 0px; vertical-align: baseline; background: #f0f0f0;\">\n<address style=\"margin: 0px; padding: 0px; border: 0px; outline: 0px; vertical-align: baseline; background: transparent;\"><a href=\"mailto:1.vorsitzender@tsf-duelmen.de\" style=\"margin: 0px; padding: 0px; border: 0px; outline: 0px; vertical-align: baseline; background-image: initial; background-position: initial; background-size: initial; background-repeat: initial; background-attachment: initial; background-origin: initial; background-clip: initial; color: #8c1600;\">1.Vorsitzender<\/a><\/address>\n<\/td>\n<\/tr>\n<\/tbody>\n<\/table>\n<\/div>\n<\/div>\n<\/div>\n<\/div>\n<\/div>\n<\/div>\n<\/div>\n<\/div>\t\t\t\t\t\t\t\t<\/div>\n\t\t\t\t<\/div>\n\t\t\t\t<div class=\"elementor-element elementor-element-46111af elementor-widget elementor-widget-text-editor\" data-id=\"46111af\" data-element_type=\"widget\" data-e-type=\"widget\" data-widget_type=\"text-editor.default\">\n\t\t\t\t<div class=\"elementor-widget-container\">\n\t\t\t\t\t\t\t\t\t<p>Die TSF D\u00fclmen e.V. bieten auf ihrer Homepage LINKS zu anderen Seiten im Internet an. F\u00fcr alle diese Links gilt, dass die TSF D\u00fclmen e.V. keinen Einfluss auf die Gestaltung und die Inhalte der gelinkten Seiten hat. Deshalb distanzieren wir uns hiermit ausdr\u00fccklich von allen Inhalten aller gelinkten Seiten auf dieser Homepage inklusive aller Unterseiten.\u00a0<\/p><p>Diese Erkl\u00e4rung gilt f\u00fcr alle auf dieser Homepage angebrachten Links und f\u00fcr alle Inhalte der Seiten, zu den Links f\u00fchren.<\/p>\t\t\t\t\t\t\t\t<\/div>\n\t\t\t\t<\/div>\n\t\t\t\t<div class=\"elementor-element elementor-element-8055cfb elementor-widget elementor-widget-text-editor\" data-id=\"8055cfb\" data-element_type=\"widget\" data-e-type=\"widget\" data-widget_type=\"text-editor.default\">\n\t\t\t\t<div class=\"elementor-widget-container\">\n\t\t\t\t\t\t\t\t\t<p>Verwendete Icons<\/p><ul><li><a href=\"https:\/\/www.flaticon.com\/de\/kostenlose-icons\/sanduhr\" title=\"sanduhr Icons\">Sanduhr Icons erstellt von Freepik &#8211; Flaticon<\/a><\/li><\/ul>\t\t\t\t\t\t\t\t<\/div>\n\t\t\t\t<\/div>\n\t\t\t\t\t<\/div>\n\t\t<\/div>\n\t\t\t\t\t<\/div>\n\t\t<\/section>\n\t\t\t\t<\/div>\n\t\t","protected":false},"excerpt":{"rendered":"<p>Impressum TanzSportFreunde D\u00fclmen e.V. Adresse: Dernekamp 36a 48249 D\u00fclmen Telefon: +49 170 \/ 3024 694 Vereins-Handy&nbsp;(nur Dienstags und Donnerstags) E-Mail: info@tsf-duelmen.de Homepage: www.tsf-duelmen.de Registergericht: Coesfeld Registernummer: 4205 Umsatzsteuer-ID: DE 123767404 Vorstand: Mark Leweling, 1.Vorsitzender Verantwortlicher im Sinne des RStV (Rundfunkstaatsvertrag) f\u00fcr die journalistischen Inhalte: 1.Vorsitzender Die TSF D\u00fclmen e.V. bieten [&hellip;]<\/p>\n","protected":false},"author":1,"featured_media":0,"parent":0,"menu_order":100,"comment_status":"closed","ping_status":"closed","template":"","meta":{"footnotes":""},"class_list":["post-3","page","type-page","status-publish","hentry"],"yoast_head":"<!-- This site is optimized with the Yoast SEO plugin v27.5 - https:\/\/yoast.com\/product\/yoast-seo-wordpress\/ -->\n<title>Impressum - TSF D\u00fclmen<\/title>\n<meta name=\"robots\" content=\"index, follow, max-snippet:-1, max-image-preview:large, max-video-preview:-1\" \/>\n<link rel=\"canonical\" href=\"https:\/\/tsf-duelmen.de\/index.php\/impressum\/\" \/>\n<meta property=\"og:locale\" content=\"de_DE\" \/>\n<meta property=\"og:type\" content=\"article\" \/>\n<meta property=\"og:title\" content=\"Impressum - TSF D\u00fclmen\" \/>\n<meta property=\"og:description\" content=\"Impressum TanzSportFreunde D\u00fclmen e.V. Adresse: Dernekamp 36a 48249 D\u00fclmen Telefon: +49 170 \/ 3024 694 Vereins-Handy&nbsp;(nur Dienstags und Donnerstags) E-Mail: info@tsf-duelmen.de Homepage: www.tsf-duelmen.de Registergericht: Coesfeld Registernummer: 4205 Umsatzsteuer-ID: DE 123767404 Vorstand: Mark Leweling, 1.Vorsitzender Verantwortlicher im Sinne des RStV (Rundfunkstaatsvertrag) f\u00fcr die journalistischen Inhalte: 1.Vorsitzender Die TSF D\u00fclmen e.V. bieten [&hellip;]\" \/>\n<meta property=\"og:url\" content=\"https:\/\/tsf-duelmen.de\/index.php\/impressum\/\" \/>\n<meta property=\"og:site_name\" content=\"TSF D\u00fclmen\" \/>\n<meta property=\"article:modified_time\" content=\"2024-02-17T18:13:37+00:00\" \/>\n<meta name=\"twitter:card\" content=\"summary_large_image\" \/>\n<meta name=\"twitter:label1\" content=\"Gesch\u00e4tzte Lesezeit\" \/>\n\t<meta name=\"twitter:data1\" content=\"1\u00a0Minute\" \/>\n<script type=\"application\/ld+json\" class=\"yoast-schema-graph\">{\"@context\":\"https:\\\/\\\/schema.org\",\"@graph\":[{\"@type\":\"WebPage\",\"@id\":\"https:\\\/\\\/tsf-duelmen.de\\\/index.php\\\/impressum\\\/\",\"url\":\"https:\\\/\\\/tsf-duelmen.de\\\/index.php\\\/impressum\\\/\",\"name\":\"Impressum - TSF D\u00fclmen\",\"isPartOf\":{\"@id\":\"https:\\\/\\\/tsf-duelmen.de\\\/#website\"},\"datePublished\":\"2019-12-10T10:23:02+00:00\",\"dateModified\":\"2024-02-17T18:13:37+00:00\",\"breadcrumb\":{\"@id\":\"https:\\\/\\\/tsf-duelmen.de\\\/index.php\\\/impressum\\\/#breadcrumb\"},\"inLanguage\":\"de\",\"potentialAction\":[{\"@type\":\"ReadAction\",\"target\":[\"https:\\\/\\\/tsf-duelmen.de\\\/index.php\\\/impressum\\\/\"]}]},{\"@type\":\"BreadcrumbList\",\"@id\":\"https:\\\/\\\/tsf-duelmen.de\\\/index.php\\\/impressum\\\/#breadcrumb\",\"itemListElement\":[{\"@type\":\"ListItem\",\"position\":1,\"name\":\"Home\",\"item\":\"https:\\\/\\\/tsf-duelmen.de\\\/\"},{\"@type\":\"ListItem\",\"position\":2,\"name\":\"Impressum\"}]},{\"@type\":\"WebSite\",\"@id\":\"https:\\\/\\\/tsf-duelmen.de\\\/#website\",\"url\":\"https:\\\/\\\/tsf-duelmen.de\\\/\",\"name\":\"TSF D\u00fclmen\",\"description\":\"Tanzen ist tr\u00e4umen mit de F\u00fcssen\",\"publisher\":{\"@id\":\"https:\\\/\\\/tsf-duelmen.de\\\/#organization\"},\"potentialAction\":[{\"@type\":\"SearchAction\",\"target\":{\"@type\":\"EntryPoint\",\"urlTemplate\":\"https:\\\/\\\/tsf-duelmen.de\\\/?s={search_term_string}\"},\"query-input\":{\"@type\":\"PropertyValueSpecification\",\"valueRequired\":true,\"valueName\":\"search_term_string\"}}],\"inLanguage\":\"de\"},{\"@type\":\"Organization\",\"@id\":\"https:\\\/\\\/tsf-duelmen.de\\\/#organization\",\"name\":\"TSF D\u00fclmen\",\"url\":\"https:\\\/\\\/tsf-duelmen.de\\\/\",\"logo\":{\"@type\":\"ImageObject\",\"inLanguage\":\"de\",\"@id\":\"https:\\\/\\\/tsf-duelmen.de\\\/#\\\/schema\\\/logo\\\/image\\\/\",\"url\":\"https:\\\/\\\/tsf-duelmen.de\\\/wp-content\\\/uploads\\\/2019\\\/12\\\/cropped-TSF_Logo_wH_RZ.png\",\"contentUrl\":\"https:\\\/\\\/tsf-duelmen.de\\\/wp-content\\\/uploads\\\/2019\\\/12\\\/cropped-TSF_Logo_wH_RZ.png\",\"width\":1387,\"height\":793,\"caption\":\"TSF D\u00fclmen\"},\"image\":{\"@id\":\"https:\\\/\\\/tsf-duelmen.de\\\/#\\\/schema\\\/logo\\\/image\\\/\"}}]}<\/script>\n<!-- \/ Yoast SEO plugin. -->","yoast_head_json":{"title":"Impressum - TSF D\u00fclmen","robots":{"index":"index","follow":"follow","max-snippet":"max-snippet:-1","max-image-preview":"max-image-preview:large","max-video-preview":"max-video-preview:-1"},"canonical":"https:\/\/tsf-duelmen.de\/index.php\/impressum\/","og_locale":"de_DE","og_type":"article","og_title":"Impressum - TSF D\u00fclmen","og_description":"Impressum TanzSportFreunde D\u00fclmen e.V. Adresse: Dernekamp 36a 48249 D\u00fclmen Telefon: +49 170 \/ 3024 694 Vereins-Handy&nbsp;(nur Dienstags und Donnerstags) E-Mail: info@tsf-duelmen.de Homepage: www.tsf-duelmen.de Registergericht: Coesfeld Registernummer: 4205 Umsatzsteuer-ID: DE 123767404 Vorstand: Mark Leweling, 1.Vorsitzender Verantwortlicher im Sinne des RStV (Rundfunkstaatsvertrag) f\u00fcr die journalistischen Inhalte: 1.Vorsitzender Die TSF D\u00fclmen e.V. bieten [&hellip;]","og_url":"https:\/\/tsf-duelmen.de\/index.php\/impressum\/","og_site_name":"TSF D\u00fclmen","article_modified_time":"2024-02-17T18:13:37+00:00","twitter_card":"summary_large_image","twitter_misc":{"Gesch\u00e4tzte Lesezeit":"1\u00a0Minute"},"schema":{"@context":"https:\/\/schema.org","@graph":[{"@type":"WebPage","@id":"https:\/\/tsf-duelmen.de\/index.php\/impressum\/","url":"https:\/\/tsf-duelmen.de\/index.php\/impressum\/","name":"Impressum - TSF D\u00fclmen","isPartOf":{"@id":"https:\/\/tsf-duelmen.de\/#website"},"datePublished":"2019-12-10T10:23:02+00:00","dateModified":"2024-02-17T18:13:37+00:00","breadcrumb":{"@id":"https:\/\/tsf-duelmen.de\/index.php\/impressum\/#breadcrumb"},"inLanguage":"de","potentialAction":[{"@type":"ReadAction","target":["https:\/\/tsf-duelmen.de\/index.php\/impressum\/"]}]},{"@type":"BreadcrumbList","@id":"https:\/\/tsf-duelmen.de\/index.php\/impressum\/#breadcrumb","itemListElement":[{"@type":"ListItem","position":1,"name":"Home","item":"https:\/\/tsf-duelmen.de\/"},{"@type":"ListItem","position":2,"name":"Impressum"}]},{"@type":"WebSite","@id":"https:\/\/tsf-duelmen.de\/#website","url":"https:\/\/tsf-duelmen.de\/","name":"TSF D\u00fclmen","description":"Tanzen ist tr\u00e4umen mit de F\u00fcssen","publisher":{"@id":"https:\/\/tsf-duelmen.de\/#organization"},"potentialAction":[{"@type":"SearchAction","target":{"@type":"EntryPoint","urlTemplate":"https:\/\/tsf-duelmen.de\/?s={search_term_string}"},"query-input":{"@type":"PropertyValueSpecification","valueRequired":true,"valueName":"search_term_string"}}],"inLanguage":"de"},{"@type":"Organization","@id":"https:\/\/tsf-duelmen.de\/#organization","name":"TSF D\u00fclmen","url":"https:\/\/tsf-duelmen.de\/","logo":{"@type":"ImageObject","inLanguage":"de","@id":"https:\/\/tsf-duelmen.de\/#\/schema\/logo\/image\/","url":"https:\/\/tsf-duelmen.de\/wp-content\/uploads\/2019\/12\/cropped-TSF_Logo_wH_RZ.png","contentUrl":"https:\/\/tsf-duelmen.de\/wp-content\/uploads\/2019\/12\/cropped-TSF_Logo_wH_RZ.png","width":1387,"height":793,"caption":"TSF D\u00fclmen"},"image":{"@id":"https:\/\/tsf-duelmen.de\/#\/schema\/logo\/image\/"}}]}},"_links":{"self":[{"href":"https:\/\/tsf-duelmen.de\/index.php\/wp-json\/wp\/v2\/pages\/3","targetHints":{"allow":["GET"]}}],"collection":[{"href":"https:\/\/tsf-duelmen.de\/index.php\/wp-json\/wp\/v2\/pages"}],"about":[{"href":"https:\/\/tsf-duelmen.de\/index.php\/wp-json\/wp\/v2\/types\/page"}],"author":[{"embeddable":true,"href":"https:\/\/tsf-duelmen.de\/index.php\/wp-json\/wp\/v2\/users\/1"}],"replies":[{"embeddable":true,"href":"https:\/\/tsf-duelmen.de\/index.php\/wp-json\/wp\/v2\/comments?post=3"}],"version-history":[{"count":14,"href":"https:\/\/tsf-duelmen.de\/index.php\/wp-json\/wp\/v2\/pages\/3\/revisions"}],"predecessor-version":[{"id":1208,"href":"https:\/\/tsf-duelmen.de\/index.php\/wp-json\/wp\/v2\/pages\/3\/revisions\/1208"}],"wp:attachment":[{"href":"https:\/\/tsf-duelmen.de\/index.php\/wp-json\/wp\/v2\/media?parent=3"}],"curies":[{"name":"wp","href":"https:\/\/api.w.org\/{rel}","templated":true}]}}