{"id":134,"date":"2019-03-25T15:30:50","date_gmt":"2019-03-25T15:30:50","guid":{"rendered":"https:\/\/demo.themeisle.com\/hestia-zelle\/blog\/"},"modified":"2024-12-07T10:26:55","modified_gmt":"2024-12-07T10:26:55","slug":"blog","status":"publish","type":"page","link":"https:\/\/tsf-duelmen.de\/index.php\/blog\/","title":{"rendered":"Blog"},"content":{"rendered":"\t\t<div data-elementor-type=\"wp-page\" data-elementor-id=\"134\" class=\"elementor elementor-134\" data-elementor-post-type=\"page\">\n\t\t\t\t\t\t<section class=\"elementor-section elementor-top-section elementor-element elementor-element-514d008 elementor-section-boxed elementor-section-height-default elementor-section-height-default\" data-id=\"514d008\" data-element_type=\"section\" data-e-type=\"section\">\n\t\t\t\t\t\t<div class=\"elementor-container elementor-column-gap-default\">\n\t\t\t\t\t<div class=\"elementor-column elementor-col-100 elementor-top-column elementor-element elementor-element-d9ad836\" data-id=\"d9ad836\" data-element_type=\"column\" data-e-type=\"column\">\n\t\t\t<div class=\"elementor-widget-wrap elementor-element-populated\">\n\t\t\t\t\t\t<div class=\"elementor-element elementor-element-10c39a7 elementor-widget elementor-widget-heading\" data-id=\"10c39a7\" data-element_type=\"widget\" data-e-type=\"widget\" data-widget_type=\"heading.default\">\n\t\t\t\t<div class=\"elementor-widget-container\">\n\t\t\t\t\t<h2 class=\"elementor-heading-title elementor-size-default\">Blog und Neuigkeiten<\/h2>\t\t\t\t<\/div>\n\t\t\t\t<\/div>\n\t\t\t\t\t<\/div>\n\t\t<\/div>\n\t\t\t\t\t<\/div>\n\t\t<\/section>\n\t\t\t\t<section class=\"elementor-section elementor-top-section elementor-element elementor-element-48c7d67 elementor-section-boxed elementor-section-height-default elementor-section-height-default\" data-id=\"48c7d67\" data-element_type=\"section\" data-e-type=\"section\">\n\t\t\t\t\t\t<div class=\"elementor-container elementor-column-gap-default\">\n\t\t\t\t\t<div class=\"elementor-column elementor-col-100 elementor-top-column elementor-element elementor-element-944adc2\" data-id=\"944adc2\" data-element_type=\"column\" data-e-type=\"column\">\n\t\t\t<div class=\"elementor-widget-wrap elementor-element-populated\">\n\t\t\t\t\t\t<div class=\"elementor-element elementor-element-36f54bc elementor-grid-3 elementor-grid-tablet-2 elementor-grid-mobile-1 elementor-posts--thumbnail-top elementor-widget elementor-widget-posts\" data-id=\"36f54bc\" data-element_type=\"widget\" data-e-type=\"widget\" data-settings=\"{&quot;pagination_type&quot;:&quot;numbers&quot;,&quot;classic_columns&quot;:&quot;3&quot;,&quot;classic_columns_tablet&quot;:&quot;2&quot;,&quot;classic_columns_mobile&quot;:&quot;1&quot;,&quot;classic_row_gap&quot;:{&quot;unit&quot;:&quot;px&quot;,&quot;size&quot;:35,&quot;sizes&quot;:[]},&quot;classic_row_gap_tablet&quot;:{&quot;unit&quot;:&quot;px&quot;,&quot;size&quot;:&quot;&quot;,&quot;sizes&quot;:[]},&quot;classic_row_gap_mobile&quot;:{&quot;unit&quot;:&quot;px&quot;,&quot;size&quot;:&quot;&quot;,&quot;sizes&quot;:[]}}\" data-widget_type=\"posts.classic\">\n\t\t\t\t<div class=\"elementor-widget-container\">\n\t\t\t\t\t\t\t<div class=\"elementor-posts-container elementor-posts elementor-posts--skin-classic elementor-grid\" role=\"list\">\n\t\t\t\t<article class=\"elementor-post elementor-grid-item post-904 post type-post status-publish format-standard has-post-thumbnail hentry category-veranstaltungen\" role=\"listitem\">\n\t\t\t\t<a class=\"elementor-post__thumbnail__link\" href=\"https:\/\/tsf-duelmen.de\/index.php\/2026\/01\/06\/salsa-merengue-und-bachataneuer-schnupperkurs-fuer-einsteiger\/\" tabindex=\"-1\" >\n\t\t\t<div class=\"elementor-post__thumbnail\"><img fetchpriority=\"high\" decoding=\"async\" width=\"300\" height=\"300\" src=\"https:\/\/tsf-duelmen.de\/wp-content\/uploads\/2022\/10\/Salsa-Schnupper-300x300.png\" class=\"attachment-medium size-medium wp-image-911\" alt=\"\" srcset=\"https:\/\/tsf-duelmen.de\/wp-content\/uploads\/2022\/10\/Salsa-Schnupper-300x300.png 300w, https:\/\/tsf-duelmen.de\/wp-content\/uploads\/2022\/10\/Salsa-Schnupper-150x150.png 150w, https:\/\/tsf-duelmen.de\/wp-content\/uploads\/2022\/10\/Salsa-Schnupper.png 461w\" sizes=\"(max-width: 300px) 100vw, 300px\" \/><\/div>\n\t\t<\/a>\n\t\t\t\t<div class=\"elementor-post__text\">\n\t\t\t\t<h3 class=\"elementor-post__title\">\n\t\t\t<a href=\"https:\/\/tsf-duelmen.de\/index.php\/2026\/01\/06\/salsa-merengue-und-bachataneuer-schnupperkurs-fuer-einsteiger\/\" >\n\t\t\t\tSalsa, Merengue und Bachata<br>Neuer Schnupperkurs f\u00fcr Einsteiger\t\t\t<\/a>\n\t\t<\/h3>\n\t\t\t\t<div class=\"elementor-post__meta-data\">\n\t\t\t\t\t<span class=\"elementor-post-date\">\n\t\t\t6. Januar 2026\t\t<\/span>\n\t\t\t\t<span class=\"elementor-post-avatar\">\n\t\t\tKeine Kommentare\t\t<\/span>\n\t\t\t\t<\/div>\n\t\t\t\t<div class=\"elementor-post__excerpt\">\n\t\t\t<p>Salsa, Merengue und Bachata Neuer Schnupperkurs f\u00fcr Einsteiger Salsa &#8211; eine Mischung aus \u201ehei\u00dfen\u201c Rhythmen, T\u00e4nzen und Klangfarben. Diesebesondere Mischung k\u00f6nnt Ihr bei den TanzSportFreunden D\u00fclmen erleben. wann: Sonntags, 16:00 &#8211; 17:00 Uhrwo: Clubheim, Dernekamp 36awie oft: 8x 75 Minuten, Beginn: 01.02.2016Kosten: 85\u20ac pro Person Anmeldungen bitte an 2.beisitzer@tsf-duelmen.deTrainer: Fran<\/p>\n\t\t<\/div>\n\t\t\n\t\t<a class=\"elementor-post__read-more\" href=\"https:\/\/tsf-duelmen.de\/index.php\/2026\/01\/06\/salsa-merengue-und-bachataneuer-schnupperkurs-fuer-einsteiger\/\" aria-label=\"Mehr \u00fcber Salsa, Merengue und Bachata&lt;br&gt;Neuer Schnupperkurs f\u00fcr Einsteiger\" tabindex=\"-1\" >\n\t\t\tweiter lesen \u00bb\t\t<\/a>\n\n\t\t\t\t<\/div>\n\t\t\t\t<\/article>\n\t\t\t\t<article class=\"elementor-post elementor-grid-item post-1437 post type-post status-publish format-standard has-post-thumbnail hentry category-veranstaltungen category-verein\" role=\"listitem\">\n\t\t\t\t<a class=\"elementor-post__thumbnail__link\" href=\"https:\/\/tsf-duelmen.de\/index.php\/2026\/01\/05\/mitgliederversammlung-2026\/\" tabindex=\"-1\" >\n\t\t\t<div class=\"elementor-post__thumbnail\"><img decoding=\"async\" width=\"300\" height=\"226\" src=\"https:\/\/tsf-duelmen.de\/wp-content\/uploads\/2025\/09\/2025-09-11-08_41_40-_sd3.5_simple_example-ComfyUI-300x226.png\" class=\"attachment-medium size-medium wp-image-1439\" alt=\"\" srcset=\"https:\/\/tsf-duelmen.de\/wp-content\/uploads\/2025\/09\/2025-09-11-08_41_40-_sd3.5_simple_example-ComfyUI-300x226.png 300w, https:\/\/tsf-duelmen.de\/wp-content\/uploads\/2025\/09\/2025-09-11-08_41_40-_sd3.5_simple_example-ComfyUI-1024x771.png 1024w, https:\/\/tsf-duelmen.de\/wp-content\/uploads\/2025\/09\/2025-09-11-08_41_40-_sd3.5_simple_example-ComfyUI-768x578.png 768w, https:\/\/tsf-duelmen.de\/wp-content\/uploads\/2025\/09\/2025-09-11-08_41_40-_sd3.5_simple_example-ComfyUI.png 1310w\" sizes=\"(max-width: 300px) 100vw, 300px\" \/><\/div>\n\t\t<\/a>\n\t\t\t\t<div class=\"elementor-post__text\">\n\t\t\t\t<h3 class=\"elementor-post__title\">\n\t\t\t<a href=\"https:\/\/tsf-duelmen.de\/index.php\/2026\/01\/05\/mitgliederversammlung-2026\/\" >\n\t\t\t\tMitgliederversammlung 2026\t\t\t<\/a>\n\t\t<\/h3>\n\t\t\t\t<div class=\"elementor-post__meta-data\">\n\t\t\t\t\t<span class=\"elementor-post-date\">\n\t\t\t5. Januar 2026\t\t<\/span>\n\t\t\t\t<span class=\"elementor-post-avatar\">\n\t\t\tKeine Kommentare\t\t<\/span>\n\t\t\t\t<\/div>\n\t\t\t\t<div class=\"elementor-post__excerpt\">\n\t\t\t<p>Einladung zur Mitgliederversammlung der Tanzsportfreunde D\u00fclmen e.V. Liebe Mitglieder, wir laden euch herzlich zur diesj\u00e4hrigen Mitgliederversammlung der\u00a0Tanzsportfreunde D\u00fclmen e.V.\u00a0ein. Datum: 6. Februar\u00a0 2026Uhrzeit: 18:30 &#8211; ~20:00 UhrOrt:\u00a0Clubheim der Tanzsportfreunde im Dernekamp Tagesordnung: Begr\u00fc\u00dfung durch den Vorstand Bericht des Vorstands Kassenbericht und Bericht der Kassenpr\u00fcfer Entlastung des Vorstands Neuwahlen Antr\u00e4ge der<\/p>\n\t\t<\/div>\n\t\t\n\t\t<a class=\"elementor-post__read-more\" href=\"https:\/\/tsf-duelmen.de\/index.php\/2026\/01\/05\/mitgliederversammlung-2026\/\" aria-label=\"Mehr \u00fcber Mitgliederversammlung 2026\" tabindex=\"-1\" >\n\t\t\tweiter lesen \u00bb\t\t<\/a>\n\n\t\t\t\t<\/div>\n\t\t\t\t<\/article>\n\t\t\t\t<article class=\"elementor-post elementor-grid-item post-652 post type-post status-publish format-standard has-post-thumbnail hentry category-veranstaltungen\" role=\"listitem\">\n\t\t\t\t<a class=\"elementor-post__thumbnail__link\" href=\"https:\/\/tsf-duelmen.de\/index.php\/2024\/06\/10\/young-unit\/\" tabindex=\"-1\" >\n\t\t\t<div class=\"elementor-post__thumbnail\"><img decoding=\"async\" width=\"300\" height=\"267\" src=\"https:\/\/tsf-duelmen.de\/wp-content\/uploads\/2021\/06\/TSF-Young-Unit-300x267.png\" class=\"attachment-medium size-medium wp-image-654\" alt=\"\" srcset=\"https:\/\/tsf-duelmen.de\/wp-content\/uploads\/2021\/06\/TSF-Young-Unit-300x267.png 300w, https:\/\/tsf-duelmen.de\/wp-content\/uploads\/2021\/06\/TSF-Young-Unit.png 576w\" sizes=\"(max-width: 300px) 100vw, 300px\" \/><\/div>\n\t\t<\/a>\n\t\t\t\t<div class=\"elementor-post__text\">\n\t\t\t\t<h3 class=\"elementor-post__title\">\n\t\t\t<a href=\"https:\/\/tsf-duelmen.de\/index.php\/2024\/06\/10\/young-unit\/\" >\n\t\t\t\tYoung Unit\t\t\t<\/a>\n\t\t<\/h3>\n\t\t\t\t<div class=\"elementor-post__meta-data\">\n\t\t\t\t\t<span class=\"elementor-post-date\">\n\t\t\t10. Juni 2024\t\t<\/span>\n\t\t\t\t<span class=\"elementor-post-avatar\">\n\t\t\tKeine Kommentare\t\t<\/span>\n\t\t\t\t<\/div>\n\t\t\t\t<div class=\"elementor-post__excerpt\">\n\t\t\t<p>Young Unit &#8211; neue Gruppe beim TSF gemischte HipHop- Tanzgruppe ab 9 Jahre bis 14 Jahre. Coole Moves zu aktueller Musik! Einfach mal ausprobieren und reinschnuppern bei den Young Unit.<\/p>\n\t\t<\/div>\n\t\t\n\t\t<a class=\"elementor-post__read-more\" href=\"https:\/\/tsf-duelmen.de\/index.php\/2024\/06\/10\/young-unit\/\" aria-label=\"Mehr \u00fcber Young Unit\" tabindex=\"-1\" >\n\t\t\tweiter lesen \u00bb\t\t<\/a>\n\n\t\t\t\t<\/div>\n\t\t\t\t<\/article>\n\t\t\t\t<article class=\"elementor-post elementor-grid-item post-1217 post type-post status-publish format-standard has-post-thumbnail hentry category-veranstaltungen\" role=\"listitem\">\n\t\t\t\t<a class=\"elementor-post__thumbnail__link\" href=\"https:\/\/tsf-duelmen.de\/index.php\/2024\/04\/11\/ruecken-vital\/\" tabindex=\"-1\" >\n\t\t\t<div class=\"elementor-post__thumbnail\"><img loading=\"lazy\" decoding=\"async\" width=\"300\" height=\"300\" src=\"https:\/\/tsf-duelmen.de\/wp-content\/uploads\/2024\/04\/20230822_090000.png\" class=\"attachment-medium size-medium wp-image-1218\" alt=\"\" \/><\/div>\n\t\t<\/a>\n\t\t\t\t<div class=\"elementor-post__text\">\n\t\t\t\t<h3 class=\"elementor-post__title\">\n\t\t\t<a href=\"https:\/\/tsf-duelmen.de\/index.php\/2024\/04\/11\/ruecken-vital\/\" >\n\t\t\t\tR\u00fccken-Vital\t\t\t<\/a>\n\t\t<\/h3>\n\t\t\t\t<div class=\"elementor-post__meta-data\">\n\t\t\t\t\t<span class=\"elementor-post-date\">\n\t\t\t11. April 2024\t\t<\/span>\n\t\t\t\t<span class=\"elementor-post-avatar\">\n\t\t\tKeine Kommentare\t\t<\/span>\n\t\t\t\t<\/div>\n\t\t\t\t<div class=\"elementor-post__excerpt\">\n\t\t\t<p>R\u00fcckenfit-Kurs bei den TanzSportFreunden, sehr gut etabliert! R\u00fcckenfitness \u2013 Dein Kurs f\u00fcr einen starken und gesunden R\u00fccken Ein starker R\u00fccken ist die Basis f\u00fcr Wohlbefinden und Beweglichkeit \u2013 besonders im Alltag und bei sitzenden T\u00e4tigkeiten. Unser R\u00fcckenfitnesskurs bietet dir: \u2705 Gezielte Kr\u00e4ftigung der R\u00fccken- und Rumpfmuskulatur\u2705 Verbesserung der Haltefunktion f\u00fcr<\/p>\n\t\t<\/div>\n\t\t\n\t\t<a class=\"elementor-post__read-more\" href=\"https:\/\/tsf-duelmen.de\/index.php\/2024\/04\/11\/ruecken-vital\/\" aria-label=\"Mehr \u00fcber R\u00fccken-Vital\" tabindex=\"-1\" >\n\t\t\tweiter lesen \u00bb\t\t<\/a>\n\n\t\t\t\t<\/div>\n\t\t\t\t<\/article>\n\t\t\t\t<article class=\"elementor-post elementor-grid-item post-561 post type-post status-publish format-standard has-post-thumbnail hentry category-veranstaltungen tag-fit\" role=\"listitem\">\n\t\t\t\t<a class=\"elementor-post__thumbnail__link\" href=\"https:\/\/tsf-duelmen.de\/index.php\/2024\/04\/08\/body-power-21\/\" tabindex=\"-1\" >\n\t\t\t<div class=\"elementor-post__thumbnail\"><img loading=\"lazy\" decoding=\"async\" width=\"300\" height=\"300\" src=\"https:\/\/tsf-duelmen.de\/wp-content\/uploads\/2021\/04\/TSF-Body-Power21-300x300.png\" class=\"attachment-medium size-medium wp-image-563\" alt=\"\" srcset=\"https:\/\/tsf-duelmen.de\/wp-content\/uploads\/2021\/04\/TSF-Body-Power21-300x300.png 300w, https:\/\/tsf-duelmen.de\/wp-content\/uploads\/2021\/04\/TSF-Body-Power21-1024x1024.png 1024w, https:\/\/tsf-duelmen.de\/wp-content\/uploads\/2021\/04\/TSF-Body-Power21-150x150.png 150w, https:\/\/tsf-duelmen.de\/wp-content\/uploads\/2021\/04\/TSF-Body-Power21-768x767.png 768w, https:\/\/tsf-duelmen.de\/wp-content\/uploads\/2021\/04\/TSF-Body-Power21.png 1057w\" sizes=\"(max-width: 300px) 100vw, 300px\" \/><\/div>\n\t\t<\/a>\n\t\t\t\t<div class=\"elementor-post__text\">\n\t\t\t\t<h3 class=\"elementor-post__title\">\n\t\t\t<a href=\"https:\/\/tsf-duelmen.de\/index.php\/2024\/04\/08\/body-power-21\/\" >\n\t\t\t\tBody Power &#8217;21\t\t\t<\/a>\n\t\t<\/h3>\n\t\t\t\t<div class=\"elementor-post__meta-data\">\n\t\t\t\t\t<span class=\"elementor-post-date\">\n\t\t\t8. April 2024\t\t<\/span>\n\t\t\t\t<span class=\"elementor-post-avatar\">\n\t\t\tKeine Kommentare\t\t<\/span>\n\t\t\t\t<\/div>\n\t\t\t\t<div class=\"elementor-post__excerpt\">\n\t\t\t<p>Body Power &#8217;21 Sei drau\u00dfen Online und mach mit beim aktiv sein! Holzscheiten stemmen, Grass-Liegest\u00fctz und und Ausfallschritte auf Steinen&#8230; das und noch viele weitere M\u00f6glichkeiten sich drau\u00dfen sportlich zu bet\u00e4tigen, zeigen wir Dir in diesem Kurs. Das Beste daran, wir sind drau\u00dfen und sollte das Wetter nicht gn\u00e4dig mit<\/p>\n\t\t<\/div>\n\t\t\n\t\t<a class=\"elementor-post__read-more\" href=\"https:\/\/tsf-duelmen.de\/index.php\/2024\/04\/08\/body-power-21\/\" aria-label=\"Mehr \u00fcber Body Power &#8217;21\" tabindex=\"-1\" >\n\t\t\tweiter lesen \u00bb\t\t<\/a>\n\n\t\t\t\t<\/div>\n\t\t\t\t<\/article>\n\t\t\t\t<article class=\"elementor-post elementor-grid-item post-329 post type-post status-publish format-standard has-post-thumbnail hentry category-veranstaltungen tag-hip-hop\" role=\"listitem\">\n\t\t\t\t<a class=\"elementor-post__thumbnail__link\" href=\"https:\/\/tsf-duelmen.de\/index.php\/2024\/03\/09\/3-woechiger-hiphop-kurs\/\" tabindex=\"-1\" >\n\t\t\t<div class=\"elementor-post__thumbnail\"><img loading=\"lazy\" decoding=\"async\" width=\"300\" height=\"169\" src=\"https:\/\/tsf-duelmen.de\/wp-content\/uploads\/2020\/03\/tsf-hip-hop-300x169.png\" class=\"attachment-medium size-medium wp-image-330\" alt=\"\" srcset=\"https:\/\/tsf-duelmen.de\/wp-content\/uploads\/2020\/03\/tsf-hip-hop-300x169.png 300w, https:\/\/tsf-duelmen.de\/wp-content\/uploads\/2020\/03\/tsf-hip-hop-768x434.png 768w, https:\/\/tsf-duelmen.de\/wp-content\/uploads\/2020\/03\/tsf-hip-hop-600x339.png 600w, https:\/\/tsf-duelmen.de\/wp-content\/uploads\/2020\/03\/tsf-hip-hop.png 845w\" sizes=\"(max-width: 300px) 100vw, 300px\" \/><\/div>\n\t\t<\/a>\n\t\t\t\t<div class=\"elementor-post__text\">\n\t\t\t\t<h3 class=\"elementor-post__title\">\n\t\t\t<a href=\"https:\/\/tsf-duelmen.de\/index.php\/2024\/03\/09\/3-woechiger-hiphop-kurs\/\" >\n\t\t\t\t3-w\u00f6chiger HipHop Kurs\t\t\t<\/a>\n\t\t<\/h3>\n\t\t\t\t<div class=\"elementor-post__meta-data\">\n\t\t\t\t\t<span class=\"elementor-post-date\">\n\t\t\t9. M\u00e4rz 2024\t\t<\/span>\n\t\t\t\t<span class=\"elementor-post-avatar\">\n\t\t\tKeine Kommentare\t\t<\/span>\n\t\t\t\t<\/div>\n\t\t\t\t<div class=\"elementor-post__excerpt\">\n\t\t\t<p>3-w\u00f6chiger HipHop Kurs mit Agnes Probst vor den Osterferien Die TanzSportFreunde D\u00fclmen e.V. bieten noch vor den Osterferien einen neuen drei-w\u00f6chigen HipHop Kurs f\u00fcr Kinder zwischen 8 und 12 Jahren an. Der Kurs findet dienstags,\u00a0an folgenden Terminen 17.03.\/24.03.\/31.03., von 17:00 bis 18:00 Uhr im Clubheim,\u00a0Dernekamp 36a, statt. Vorkenntnisse sind f\u00fcr<\/p>\n\t\t<\/div>\n\t\t\n\t\t<a class=\"elementor-post__read-more\" href=\"https:\/\/tsf-duelmen.de\/index.php\/2024\/03\/09\/3-woechiger-hiphop-kurs\/\" aria-label=\"Mehr \u00fcber 3-w\u00f6chiger HipHop Kurs\" tabindex=\"-1\" >\n\t\t\tweiter lesen \u00bb\t\t<\/a>\n\n\t\t\t\t<\/div>\n\t\t\t\t<\/article>\n\t\t\t\t<\/div>\n\t\t\n\t\t\t\t<div class=\"e-load-more-anchor\" data-page=\"1\" data-max-page=\"4\" data-next-page=\"https:\/\/tsf-duelmen.de\/index.php\/wp-json\/wp\/v2\/pages\/134\/page\/2\/\"><\/div>\n\t\t\t\t<nav class=\"elementor-pagination\" aria-label=\"Seitennummerierung\">\n\t\t\t<span aria-current=\"page\" class=\"page-numbers current\"><span class=\"elementor-screen-only\">Seite<\/span>1<\/span>\n<a class=\"page-numbers\" href=\"https:\/\/tsf-duelmen.de\/index.php\/wp-json\/wp\/v2\/pages\/134\/page\/2\/\"><span class=\"elementor-screen-only\">Seite<\/span>2<\/a>\n<a class=\"page-numbers\" href=\"https:\/\/tsf-duelmen.de\/index.php\/wp-json\/wp\/v2\/pages\/134\/page\/3\/\"><span class=\"elementor-screen-only\">Seite<\/span>3<\/a>\n<a class=\"page-numbers\" href=\"https:\/\/tsf-duelmen.de\/index.php\/wp-json\/wp\/v2\/pages\/134\/page\/4\/\"><span class=\"elementor-screen-only\">Seite<\/span>4<\/a>\t\t<\/nav>\n\t\t\t\t\t\t<\/div>\n\t\t\t\t<\/div>\n\t\t\t\t\t<\/div>\n\t\t<\/div>\n\t\t\t\t\t<\/div>\n\t\t<\/section>\n\t\t\t\t<section class=\"elementor-section elementor-top-section elementor-element elementor-element-aca578f elementor-section-boxed elementor-section-height-default elementor-section-height-default\" data-id=\"aca578f\" data-element_type=\"section\" data-e-type=\"section\">\n\t\t\t\t\t\t<div class=\"elementor-container elementor-column-gap-default\">\n\t\t\t\t\t<div class=\"elementor-column elementor-col-100 elementor-top-column elementor-element elementor-element-7b7d3ea\" data-id=\"7b7d3ea\" data-element_type=\"column\" data-e-type=\"column\">\n\t\t\t<div class=\"elementor-widget-wrap elementor-element-populated\">\n\t\t\t\t\t\t<div class=\"elementor-element elementor-element-73ca4d5 elementor-widget elementor-widget-wp-widget-categories\" data-id=\"73ca4d5\" data-element_type=\"widget\" data-e-type=\"widget\" data-widget_type=\"wp-widget-categories.default\">\n\t\t\t\t<div class=\"elementor-widget-container\">\n\t\t\t\t\t<h5>Kategorien<\/h5>\n\t\t\t<ul>\n\t\t\t\t\t<li class=\"cat-item cat-item-24\"><a href=\"https:\/\/tsf-duelmen.de\/index.php\/category\/trainer-innen\/\">Trainer\/innen<\/a> (2)\n<\/li>\n\t<li class=\"cat-item cat-item-22\"><a href=\"https:\/\/tsf-duelmen.de\/index.php\/category\/veranstaltungen\/\">Veranstaltungen<\/a> (14)\n<\/li>\n\t<li class=\"cat-item cat-item-23\"><a href=\"https:\/\/tsf-duelmen.de\/index.php\/category\/verein\/\">Verein<\/a> (5)\n<\/li>\n\t\t\t<\/ul>\n\n\t\t\t\t\t\t\t<\/div>\n\t\t\t\t<\/div>\n\t\t\t\t\t<\/div>\n\t\t<\/div>\n\t\t\t\t\t<\/div>\n\t\t<\/section>\n\t\t\t\t<\/div>\n\t\t","protected":false},"excerpt":{"rendered":"<p>Blog und Neuigkeiten<\/p>\n","protected":false},"author":1,"featured_media":0,"parent":0,"menu_order":2,"comment_status":"closed","ping_status":"closed","template":"page-templates\/template-pagebuilder-full-width.php","meta":{"footnotes":""},"class_list":["post-134","page","type-page","status-publish","hentry"],"yoast_head":"<!-- This site is optimized with the Yoast SEO plugin v27.3 - https:\/\/yoast.com\/product\/yoast-seo-wordpress\/ -->\n<title>Blog - TSF D\u00fclmen<\/title>\n<meta name=\"robots\" content=\"index, follow, max-snippet:-1, max-image-preview:large, max-video-preview:-1\" \/>\n<link rel=\"canonical\" href=\"https:\/\/tsf-duelmen.de\/index.php\/blog\/\" \/>\n<meta property=\"og:locale\" content=\"de_DE\" \/>\n<meta property=\"og:type\" content=\"article\" \/>\n<meta property=\"og:title\" content=\"Blog - TSF D\u00fclmen\" \/>\n<meta property=\"og:description\" content=\"Blog und Neuigkeiten\" \/>\n<meta property=\"og:url\" content=\"https:\/\/tsf-duelmen.de\/index.php\/blog\/\" \/>\n<meta property=\"og:site_name\" content=\"TSF D\u00fclmen\" \/>\n<meta property=\"article:modified_time\" content=\"2024-12-07T10:26:55+00:00\" \/>\n<meta name=\"twitter:card\" content=\"summary_large_image\" \/>\n<meta name=\"twitter:label1\" content=\"Gesch\u00e4tzte Lesezeit\" \/>\n\t<meta name=\"twitter:data1\" content=\"5\u00a0Minuten\" \/>\n<script type=\"application\/ld+json\" class=\"yoast-schema-graph\">{\"@context\":\"https:\\\/\\\/schema.org\",\"@graph\":[{\"@type\":\"WebPage\",\"@id\":\"https:\\\/\\\/tsf-duelmen.de\\\/index.php\\\/blog\\\/\",\"url\":\"https:\\\/\\\/tsf-duelmen.de\\\/index.php\\\/blog\\\/\",\"name\":\"Blog - TSF D\u00fclmen\",\"isPartOf\":{\"@id\":\"https:\\\/\\\/tsf-duelmen.de\\\/#website\"},\"datePublished\":\"2019-03-25T15:30:50+00:00\",\"dateModified\":\"2024-12-07T10:26:55+00:00\",\"breadcrumb\":{\"@id\":\"https:\\\/\\\/tsf-duelmen.de\\\/index.php\\\/blog\\\/#breadcrumb\"},\"inLanguage\":\"de\",\"potentialAction\":[{\"@type\":\"ReadAction\",\"target\":[\"https:\\\/\\\/tsf-duelmen.de\\\/index.php\\\/blog\\\/\"]}]},{\"@type\":\"BreadcrumbList\",\"@id\":\"https:\\\/\\\/tsf-duelmen.de\\\/index.php\\\/blog\\\/#breadcrumb\",\"itemListElement\":[{\"@type\":\"ListItem\",\"position\":1,\"name\":\"Home\",\"item\":\"https:\\\/\\\/tsf-duelmen.de\\\/\"},{\"@type\":\"ListItem\",\"position\":2,\"name\":\"Blog\"}]},{\"@type\":\"WebSite\",\"@id\":\"https:\\\/\\\/tsf-duelmen.de\\\/#website\",\"url\":\"https:\\\/\\\/tsf-duelmen.de\\\/\",\"name\":\"TSF D\u00fclmen\",\"description\":\"Tanzen ist tr\u00e4umen mit de F\u00fcssen\",\"publisher\":{\"@id\":\"https:\\\/\\\/tsf-duelmen.de\\\/#organization\"},\"potentialAction\":[{\"@type\":\"SearchAction\",\"target\":{\"@type\":\"EntryPoint\",\"urlTemplate\":\"https:\\\/\\\/tsf-duelmen.de\\\/?s={search_term_string}\"},\"query-input\":{\"@type\":\"PropertyValueSpecification\",\"valueRequired\":true,\"valueName\":\"search_term_string\"}}],\"inLanguage\":\"de\"},{\"@type\":\"Organization\",\"@id\":\"https:\\\/\\\/tsf-duelmen.de\\\/#organization\",\"name\":\"TSF D\u00fclmen\",\"url\":\"https:\\\/\\\/tsf-duelmen.de\\\/\",\"logo\":{\"@type\":\"ImageObject\",\"inLanguage\":\"de\",\"@id\":\"https:\\\/\\\/tsf-duelmen.de\\\/#\\\/schema\\\/logo\\\/image\\\/\",\"url\":\"https:\\\/\\\/tsf-duelmen.de\\\/wp-content\\\/uploads\\\/2019\\\/12\\\/cropped-TSF_Logo_wH_RZ.png\",\"contentUrl\":\"https:\\\/\\\/tsf-duelmen.de\\\/wp-content\\\/uploads\\\/2019\\\/12\\\/cropped-TSF_Logo_wH_RZ.png\",\"width\":1387,\"height\":793,\"caption\":\"TSF D\u00fclmen\"},\"image\":{\"@id\":\"https:\\\/\\\/tsf-duelmen.de\\\/#\\\/schema\\\/logo\\\/image\\\/\"}}]}<\/script>\n<!-- \/ Yoast SEO plugin. -->","yoast_head_json":{"title":"Blog - TSF D\u00fclmen","robots":{"index":"index","follow":"follow","max-snippet":"max-snippet:-1","max-image-preview":"max-image-preview:large","max-video-preview":"max-video-preview:-1"},"canonical":"https:\/\/tsf-duelmen.de\/index.php\/blog\/","og_locale":"de_DE","og_type":"article","og_title":"Blog - TSF D\u00fclmen","og_description":"Blog und Neuigkeiten","og_url":"https:\/\/tsf-duelmen.de\/index.php\/blog\/","og_site_name":"TSF D\u00fclmen","article_modified_time":"2024-12-07T10:26:55+00:00","twitter_card":"summary_large_image","twitter_misc":{"Gesch\u00e4tzte Lesezeit":"5\u00a0Minuten"},"schema":{"@context":"https:\/\/schema.org","@graph":[{"@type":"WebPage","@id":"https:\/\/tsf-duelmen.de\/index.php\/blog\/","url":"https:\/\/tsf-duelmen.de\/index.php\/blog\/","name":"Blog - TSF D\u00fclmen","isPartOf":{"@id":"https:\/\/tsf-duelmen.de\/#website"},"datePublished":"2019-03-25T15:30:50+00:00","dateModified":"2024-12-07T10:26:55+00:00","breadcrumb":{"@id":"https:\/\/tsf-duelmen.de\/index.php\/blog\/#breadcrumb"},"inLanguage":"de","potentialAction":[{"@type":"ReadAction","target":["https:\/\/tsf-duelmen.de\/index.php\/blog\/"]}]},{"@type":"BreadcrumbList","@id":"https:\/\/tsf-duelmen.de\/index.php\/blog\/#breadcrumb","itemListElement":[{"@type":"ListItem","position":1,"name":"Home","item":"https:\/\/tsf-duelmen.de\/"},{"@type":"ListItem","position":2,"name":"Blog"}]},{"@type":"WebSite","@id":"https:\/\/tsf-duelmen.de\/#website","url":"https:\/\/tsf-duelmen.de\/","name":"TSF D\u00fclmen","description":"Tanzen ist tr\u00e4umen mit de F\u00fcssen","publisher":{"@id":"https:\/\/tsf-duelmen.de\/#organization"},"potentialAction":[{"@type":"SearchAction","target":{"@type":"EntryPoint","urlTemplate":"https:\/\/tsf-duelmen.de\/?s={search_term_string}"},"query-input":{"@type":"PropertyValueSpecification","valueRequired":true,"valueName":"search_term_string"}}],"inLanguage":"de"},{"@type":"Organization","@id":"https:\/\/tsf-duelmen.de\/#organization","name":"TSF D\u00fclmen","url":"https:\/\/tsf-duelmen.de\/","logo":{"@type":"ImageObject","inLanguage":"de","@id":"https:\/\/tsf-duelmen.de\/#\/schema\/logo\/image\/","url":"https:\/\/tsf-duelmen.de\/wp-content\/uploads\/2019\/12\/cropped-TSF_Logo_wH_RZ.png","contentUrl":"https:\/\/tsf-duelmen.de\/wp-content\/uploads\/2019\/12\/cropped-TSF_Logo_wH_RZ.png","width":1387,"height":793,"caption":"TSF D\u00fclmen"},"image":{"@id":"https:\/\/tsf-duelmen.de\/#\/schema\/logo\/image\/"}}]}},"_links":{"self":[{"href":"https:\/\/tsf-duelmen.de\/index.php\/wp-json\/wp\/v2\/pages\/134","targetHints":{"allow":["GET"]}}],"collection":[{"href":"https:\/\/tsf-duelmen.de\/index.php\/wp-json\/wp\/v2\/pages"}],"about":[{"href":"https:\/\/tsf-duelmen.de\/index.php\/wp-json\/wp\/v2\/types\/page"}],"author":[{"embeddable":true,"href":"https:\/\/tsf-duelmen.de\/index.php\/wp-json\/wp\/v2\/users\/1"}],"replies":[{"embeddable":true,"href":"https:\/\/tsf-duelmen.de\/index.php\/wp-json\/wp\/v2\/comments?post=134"}],"version-history":[{"count":35,"href":"https:\/\/tsf-duelmen.de\/index.php\/wp-json\/wp\/v2\/pages\/134\/revisions"}],"predecessor-version":[{"id":1338,"href":"https:\/\/tsf-duelmen.de\/index.php\/wp-json\/wp\/v2\/pages\/134\/revisions\/1338"}],"wp:attachment":[{"href":"https:\/\/tsf-duelmen.de\/index.php\/wp-json\/wp\/v2\/media?parent=134"}],"curies":[{"name":"wp","href":"https:\/\/api.w.org\/{rel}","templated":true}]}}