{"id":1017,"date":"2022-12-13T13:56:24","date_gmt":"2022-12-13T13:56:24","guid":{"rendered":"https:\/\/tsf-duelmen.de\/?page_id=1017"},"modified":"2025-02-06T11:05:10","modified_gmt":"2025-02-06T11:05:10","slug":"hacker-info","status":"publish","type":"page","link":"https:\/\/tsf-duelmen.de\/index.php\/hacker-info\/","title":{"rendered":"Hacker Info"},"content":{"rendered":"\t\t<div data-elementor-type=\"wp-page\" data-elementor-id=\"1017\" class=\"elementor elementor-1017\" data-elementor-post-type=\"page\">\n\t\t\t\t\t\t<section class=\"elementor-section elementor-top-section elementor-element elementor-element-0175b42 elementor-section-boxed elementor-section-height-default elementor-section-height-default\" data-id=\"0175b42\" data-element_type=\"section\" data-e-type=\"section\">\n\t\t\t\t\t\t<div class=\"elementor-container elementor-column-gap-default\">\n\t\t\t\t\t<div class=\"elementor-column elementor-col-100 elementor-top-column elementor-element elementor-element-648decc\" data-id=\"648decc\" data-element_type=\"column\" data-e-type=\"column\">\n\t\t\t<div class=\"elementor-widget-wrap elementor-element-populated\">\n\t\t\t\t\t\t<div class=\"elementor-element elementor-element-e41ef9d elementor-widget elementor-widget-heading\" data-id=\"e41ef9d\" data-element_type=\"widget\" data-e-type=\"widget\" data-widget_type=\"heading.default\">\n\t\t\t\t<div class=\"elementor-widget-container\">\n\t\t\t\t\t<h2 class=\"elementor-heading-title elementor-size-default\">Hacker Info<\/h2>\t\t\t\t<\/div>\n\t\t\t\t<\/div>\n\t\t\t\t\t<\/div>\n\t\t<\/div>\n\t\t\t\t\t<\/div>\n\t\t<\/section>\n\t\t\t\t<section class=\"elementor-section elementor-top-section elementor-element elementor-element-6f1584d elementor-section-boxed elementor-section-height-default elementor-section-height-default\" data-id=\"6f1584d\" data-element_type=\"section\" data-e-type=\"section\">\n\t\t\t\t\t\t<div class=\"elementor-container elementor-column-gap-default\">\n\t\t\t\t\t<div class=\"elementor-column elementor-col-100 elementor-top-column elementor-element elementor-element-befb006\" data-id=\"befb006\" data-element_type=\"column\" data-e-type=\"column\">\n\t\t\t<div class=\"elementor-widget-wrap elementor-element-populated\">\n\t\t\t\t\t\t<div class=\"elementor-element elementor-element-f46c9a0 elementor-widget elementor-widget-text-editor\" data-id=\"f46c9a0\" data-element_type=\"widget\" data-e-type=\"widget\" data-widget_type=\"text-editor.default\">\n\t\t\t\t<div class=\"elementor-widget-container\">\n\t\t\t\t\t\t\t\t\t<p>Looks like people from the United States<span style=\"color: #3c434a; font-family: -apple-system, BlinkMacSystemFont, 'Segoe UI', Roboto, Oxygen-Sans, Ubuntu, Cantarell, 'Helvetica Neue', sans-serif; font-size: 13px; font-weight: var( --e-global-typography-text-font-weight );\">,&nbsp;<\/span><span style=\"font-size: inherit; color: var( --e-global-color-text ); font-family: var( --e-global-typography-text-font-family ), Sans-serif; font-weight: var( --e-global-typography-text-font-weight );\">China, Turkey<\/span><span style=\"font-weight: var( --e-global-typography-text-font-weight ); color: #3c434a; font-family: -apple-system, BlinkMacSystemFont, 'Segoe UI', Roboto, Oxygen-Sans, Ubuntu, Cantarell, 'Helvetica Neue', sans-serif; font-size: 13px;\">,<\/span><span style=\"font-size: inherit; color: var( --e-global-color-text ); font-family: var( --e-global-typography-text-font-family ), Sans-serif; font-weight: var( --e-global-typography-text-font-weight );\">&nbsp;Italy, Singapore, and so on, <br>try to find out the correct username and password for this website.<\/span><\/p>\n<p><strong>I can safely say, this is impossible!<\/strong><\/p>\n<p>The Site is always on the latest version, incl. Plugins + the password is ultra long over 128-bit.&nbsp;<\/p>\n<p>And that&#8217;s not all &#8211; wrong tries get blocked for a long time and this already after a minimum of tries.&nbsp;<\/p>\n<p><strong>So please leave this Site alone.<\/strong><\/p>\n<p>We are just a small association, and we like to dance &#8211; so if you bring this Site down, we just re-install it!<br>&#8230; we will for sure not pay any fees.<\/p><p><b>Stats of the last 2 years:<\/b><\/p>\t\t\t\t\t\t\t\t<\/div>\n\t\t\t\t<\/div>\n\t\t\t\t\t<\/div>\n\t\t<\/div>\n\t\t\t\t\t<\/div>\n\t\t<\/section>\n\t\t\t\t<section class=\"elementor-section elementor-top-section elementor-element elementor-element-0454873 elementor-section-boxed elementor-section-height-default elementor-section-height-default\" data-id=\"0454873\" data-element_type=\"section\" data-e-type=\"section\">\n\t\t\t\t\t\t<div class=\"elementor-container elementor-column-gap-default\">\n\t\t\t\t\t<div class=\"elementor-column elementor-col-100 elementor-top-column elementor-element elementor-element-c648db1\" data-id=\"c648db1\" data-element_type=\"column\" data-e-type=\"column\">\n\t\t\t<div class=\"elementor-widget-wrap elementor-element-populated\">\n\t\t\t\t\t\t<div class=\"elementor-element elementor-element-31408c1 elementor-widget elementor-widget-image\" data-id=\"31408c1\" data-element_type=\"widget\" data-e-type=\"widget\" data-widget_type=\"image.default\">\n\t\t\t\t<div class=\"elementor-widget-container\">\n\t\t\t\t\t\t\t\t\t\t\t\t\t\t\t<img fetchpriority=\"high\" decoding=\"async\" width=\"394\" height=\"300\" src=\"https:\/\/tsf-duelmen.de\/wp-content\/uploads\/2025\/02\/2025-02-06-11_28_26-Dashboard-\u2039-TSF-Duelmen-\u2014-WordPress.png\" class=\"attachment-large size-large wp-image-1396\" alt=\"\" srcset=\"https:\/\/tsf-duelmen.de\/wp-content\/uploads\/2025\/02\/2025-02-06-11_28_26-Dashboard-\u2039-TSF-Duelmen-\u2014-WordPress.png 394w, https:\/\/tsf-duelmen.de\/wp-content\/uploads\/2025\/02\/2025-02-06-11_28_26-Dashboard-\u2039-TSF-Duelmen-\u2014-WordPress-300x228.png 300w\" sizes=\"(max-width: 394px) 100vw, 394px\" \/>\t\t\t\t\t\t\t\t\t\t\t\t\t\t\t<\/div>\n\t\t\t\t<\/div>\n\t\t\t\t\t<\/div>\n\t\t<\/div>\n\t\t\t\t\t<\/div>\n\t\t<\/section>\n\t\t\t\t<section class=\"elementor-section elementor-top-section elementor-element elementor-element-5e1f558 elementor-section-boxed elementor-section-height-default elementor-section-height-default\" data-id=\"5e1f558\" data-element_type=\"section\" data-e-type=\"section\">\n\t\t\t\t\t\t<div class=\"elementor-container elementor-column-gap-default\">\n\t\t\t\t\t<div class=\"elementor-column elementor-col-100 elementor-top-column elementor-element elementor-element-3a52b70\" data-id=\"3a52b70\" data-element_type=\"column\" data-e-type=\"column\">\n\t\t\t<div class=\"elementor-widget-wrap elementor-element-populated\">\n\t\t\t\t\t\t<div class=\"elementor-element elementor-element-4e67b10 elementor-widget elementor-widget-text-editor\" data-id=\"4e67b10\" data-element_type=\"widget\" data-e-type=\"widget\" data-widget_type=\"text-editor.default\">\n\t\t\t\t<div class=\"elementor-widget-container\">\n\t\t\t\t\t\t\t\t\t<p><span>many thanks for understanding,\u00a0<\/span><br \/><span>the TSF Webmaster\u00a0<\/span><\/p>\t\t\t\t\t\t\t\t<\/div>\n\t\t\t\t<\/div>\n\t\t\t\t\t<\/div>\n\t\t<\/div>\n\t\t\t\t\t<\/div>\n\t\t<\/section>\n\t\t\t\t<\/div>\n\t\t","protected":false},"excerpt":{"rendered":"<p>Hacker Info Looks like people from the United States,&nbsp;China, Turkey,&nbsp;Italy, Singapore, and so on, try to find out the correct username and password for this website. I can safely say, this is impossible! The Site is always on the latest version, incl. Plugins + the password is ultra long over [&hellip;]<\/p>\n","protected":false},"author":1,"featured_media":0,"parent":0,"menu_order":0,"comment_status":"closed","ping_status":"closed","template":"page-templates\/template-pagebuilder-full-width.php","meta":{"footnotes":""},"class_list":["post-1017","page","type-page","status-publish","hentry"],"yoast_head":"<!-- This site is optimized with the Yoast SEO plugin v27.3 - https:\/\/yoast.com\/product\/yoast-seo-wordpress\/ -->\n<title>Hacker Info - TSF D\u00fclmen<\/title>\n<meta name=\"robots\" content=\"index, follow, max-snippet:-1, max-image-preview:large, max-video-preview:-1\" \/>\n<link rel=\"canonical\" href=\"https:\/\/tsf-duelmen.de\/index.php\/hacker-info\/\" \/>\n<meta property=\"og:locale\" content=\"de_DE\" \/>\n<meta property=\"og:type\" content=\"article\" \/>\n<meta property=\"og:title\" content=\"Hacker Info - TSF D\u00fclmen\" \/>\n<meta property=\"og:description\" content=\"Hacker Info Looks like people from the United States,&nbsp;China, Turkey,&nbsp;Italy, Singapore, and so on, try to find out the correct username and password for this website. I can safely say, this is impossible! The Site is always on the latest version, incl. Plugins + the password is ultra long over [&hellip;]\" \/>\n<meta property=\"og:url\" content=\"https:\/\/tsf-duelmen.de\/index.php\/hacker-info\/\" \/>\n<meta property=\"og:site_name\" content=\"TSF D\u00fclmen\" \/>\n<meta property=\"article:modified_time\" content=\"2025-02-06T11:05:10+00:00\" \/>\n<meta name=\"twitter:card\" content=\"summary_large_image\" \/>\n<meta name=\"twitter:label1\" content=\"Gesch\u00e4tzte Lesezeit\" \/>\n\t<meta name=\"twitter:data1\" content=\"1\u00a0Minute\" \/>\n<script type=\"application\/ld+json\" class=\"yoast-schema-graph\">{\"@context\":\"https:\\\/\\\/schema.org\",\"@graph\":[{\"@type\":\"WebPage\",\"@id\":\"https:\\\/\\\/tsf-duelmen.de\\\/index.php\\\/hacker-info\\\/\",\"url\":\"https:\\\/\\\/tsf-duelmen.de\\\/index.php\\\/hacker-info\\\/\",\"name\":\"Hacker Info - TSF D\u00fclmen\",\"isPartOf\":{\"@id\":\"https:\\\/\\\/tsf-duelmen.de\\\/#website\"},\"datePublished\":\"2022-12-13T13:56:24+00:00\",\"dateModified\":\"2025-02-06T11:05:10+00:00\",\"breadcrumb\":{\"@id\":\"https:\\\/\\\/tsf-duelmen.de\\\/index.php\\\/hacker-info\\\/#breadcrumb\"},\"inLanguage\":\"de\",\"potentialAction\":[{\"@type\":\"ReadAction\",\"target\":[\"https:\\\/\\\/tsf-duelmen.de\\\/index.php\\\/hacker-info\\\/\"]}]},{\"@type\":\"BreadcrumbList\",\"@id\":\"https:\\\/\\\/tsf-duelmen.de\\\/index.php\\\/hacker-info\\\/#breadcrumb\",\"itemListElement\":[{\"@type\":\"ListItem\",\"position\":1,\"name\":\"Home\",\"item\":\"https:\\\/\\\/tsf-duelmen.de\\\/\"},{\"@type\":\"ListItem\",\"position\":2,\"name\":\"Hacker Info\"}]},{\"@type\":\"WebSite\",\"@id\":\"https:\\\/\\\/tsf-duelmen.de\\\/#website\",\"url\":\"https:\\\/\\\/tsf-duelmen.de\\\/\",\"name\":\"TSF D\u00fclmen\",\"description\":\"Tanzen ist tr\u00e4umen mit de F\u00fcssen\",\"publisher\":{\"@id\":\"https:\\\/\\\/tsf-duelmen.de\\\/#organization\"},\"potentialAction\":[{\"@type\":\"SearchAction\",\"target\":{\"@type\":\"EntryPoint\",\"urlTemplate\":\"https:\\\/\\\/tsf-duelmen.de\\\/?s={search_term_string}\"},\"query-input\":{\"@type\":\"PropertyValueSpecification\",\"valueRequired\":true,\"valueName\":\"search_term_string\"}}],\"inLanguage\":\"de\"},{\"@type\":\"Organization\",\"@id\":\"https:\\\/\\\/tsf-duelmen.de\\\/#organization\",\"name\":\"TSF D\u00fclmen\",\"url\":\"https:\\\/\\\/tsf-duelmen.de\\\/\",\"logo\":{\"@type\":\"ImageObject\",\"inLanguage\":\"de\",\"@id\":\"https:\\\/\\\/tsf-duelmen.de\\\/#\\\/schema\\\/logo\\\/image\\\/\",\"url\":\"https:\\\/\\\/tsf-duelmen.de\\\/wp-content\\\/uploads\\\/2019\\\/12\\\/cropped-TSF_Logo_wH_RZ.png\",\"contentUrl\":\"https:\\\/\\\/tsf-duelmen.de\\\/wp-content\\\/uploads\\\/2019\\\/12\\\/cropped-TSF_Logo_wH_RZ.png\",\"width\":1387,\"height\":793,\"caption\":\"TSF D\u00fclmen\"},\"image\":{\"@id\":\"https:\\\/\\\/tsf-duelmen.de\\\/#\\\/schema\\\/logo\\\/image\\\/\"}}]}<\/script>\n<!-- \/ Yoast SEO plugin. -->","yoast_head_json":{"title":"Hacker Info - TSF D\u00fclmen","robots":{"index":"index","follow":"follow","max-snippet":"max-snippet:-1","max-image-preview":"max-image-preview:large","max-video-preview":"max-video-preview:-1"},"canonical":"https:\/\/tsf-duelmen.de\/index.php\/hacker-info\/","og_locale":"de_DE","og_type":"article","og_title":"Hacker Info - TSF D\u00fclmen","og_description":"Hacker Info Looks like people from the United States,&nbsp;China, Turkey,&nbsp;Italy, Singapore, and so on, try to find out the correct username and password for this website. I can safely say, this is impossible! The Site is always on the latest version, incl. Plugins + the password is ultra long over [&hellip;]","og_url":"https:\/\/tsf-duelmen.de\/index.php\/hacker-info\/","og_site_name":"TSF D\u00fclmen","article_modified_time":"2025-02-06T11:05:10+00:00","twitter_card":"summary_large_image","twitter_misc":{"Gesch\u00e4tzte Lesezeit":"1\u00a0Minute"},"schema":{"@context":"https:\/\/schema.org","@graph":[{"@type":"WebPage","@id":"https:\/\/tsf-duelmen.de\/index.php\/hacker-info\/","url":"https:\/\/tsf-duelmen.de\/index.php\/hacker-info\/","name":"Hacker Info - TSF D\u00fclmen","isPartOf":{"@id":"https:\/\/tsf-duelmen.de\/#website"},"datePublished":"2022-12-13T13:56:24+00:00","dateModified":"2025-02-06T11:05:10+00:00","breadcrumb":{"@id":"https:\/\/tsf-duelmen.de\/index.php\/hacker-info\/#breadcrumb"},"inLanguage":"de","potentialAction":[{"@type":"ReadAction","target":["https:\/\/tsf-duelmen.de\/index.php\/hacker-info\/"]}]},{"@type":"BreadcrumbList","@id":"https:\/\/tsf-duelmen.de\/index.php\/hacker-info\/#breadcrumb","itemListElement":[{"@type":"ListItem","position":1,"name":"Home","item":"https:\/\/tsf-duelmen.de\/"},{"@type":"ListItem","position":2,"name":"Hacker Info"}]},{"@type":"WebSite","@id":"https:\/\/tsf-duelmen.de\/#website","url":"https:\/\/tsf-duelmen.de\/","name":"TSF D\u00fclmen","description":"Tanzen ist tr\u00e4umen mit de F\u00fcssen","publisher":{"@id":"https:\/\/tsf-duelmen.de\/#organization"},"potentialAction":[{"@type":"SearchAction","target":{"@type":"EntryPoint","urlTemplate":"https:\/\/tsf-duelmen.de\/?s={search_term_string}"},"query-input":{"@type":"PropertyValueSpecification","valueRequired":true,"valueName":"search_term_string"}}],"inLanguage":"de"},{"@type":"Organization","@id":"https:\/\/tsf-duelmen.de\/#organization","name":"TSF D\u00fclmen","url":"https:\/\/tsf-duelmen.de\/","logo":{"@type":"ImageObject","inLanguage":"de","@id":"https:\/\/tsf-duelmen.de\/#\/schema\/logo\/image\/","url":"https:\/\/tsf-duelmen.de\/wp-content\/uploads\/2019\/12\/cropped-TSF_Logo_wH_RZ.png","contentUrl":"https:\/\/tsf-duelmen.de\/wp-content\/uploads\/2019\/12\/cropped-TSF_Logo_wH_RZ.png","width":1387,"height":793,"caption":"TSF D\u00fclmen"},"image":{"@id":"https:\/\/tsf-duelmen.de\/#\/schema\/logo\/image\/"}}]}},"_links":{"self":[{"href":"https:\/\/tsf-duelmen.de\/index.php\/wp-json\/wp\/v2\/pages\/1017","targetHints":{"allow":["GET"]}}],"collection":[{"href":"https:\/\/tsf-duelmen.de\/index.php\/wp-json\/wp\/v2\/pages"}],"about":[{"href":"https:\/\/tsf-duelmen.de\/index.php\/wp-json\/wp\/v2\/types\/page"}],"author":[{"embeddable":true,"href":"https:\/\/tsf-duelmen.de\/index.php\/wp-json\/wp\/v2\/users\/1"}],"replies":[{"embeddable":true,"href":"https:\/\/tsf-duelmen.de\/index.php\/wp-json\/wp\/v2\/comments?post=1017"}],"version-history":[{"count":33,"href":"https:\/\/tsf-duelmen.de\/index.php\/wp-json\/wp\/v2\/pages\/1017\/revisions"}],"predecessor-version":[{"id":1406,"href":"https:\/\/tsf-duelmen.de\/index.php\/wp-json\/wp\/v2\/pages\/1017\/revisions\/1406"}],"wp:attachment":[{"href":"https:\/\/tsf-duelmen.de\/index.php\/wp-json\/wp\/v2\/media?parent=1017"}],"curies":[{"name":"wp","href":"https:\/\/api.w.org\/{rel}","templated":true}]}}